{"id":977,"date":"2025-02-05T16:23:45","date_gmt":"2025-02-05T15:23:45","guid":{"rendered":"https:\/\/hotel-pavillon-gatines.com\/?page_id=977"},"modified":"2025-02-06T10:49:18","modified_gmt":"2025-02-06T09:49:18","slug":"condiciones-generales-de-venta","status":"publish","type":"page","link":"https:\/\/hotel-pavillon-gatines.com\/index.php\/es\/condiciones-generales-de-venta\/","title":{"rendered":"Condiciones generales de venta"},"content":{"rendered":"\t\t<div data-elementor-type=\"wp-page\" data-elementor-id=\"977\" class=\"elementor elementor-977\">\n\t\t\t\t<div class=\"elementor-element elementor-element-dc6c84a e-flex e-con-boxed e-con e-parent\" data-id=\"dc6c84a\" data-element_type=\"container\">\n\t\t\t\t\t<div class=\"e-con-inner\">\n\t\t\t\t<div class=\"elementor-element elementor-element-1d35d81 elementor-widget elementor-widget-heading\" data-id=\"1d35d81\" data-element_type=\"widget\" data-widget_type=\"heading.default\">\n\t\t\t\t<div class=\"elementor-widget-container\">\n\t\t\t\t\t<h2 class=\"elementor-heading-title elementor-size-default\">Condiciones generales de venta<\/h2>\t\t\t\t<\/div>\n\t\t\t\t<\/div>\n\t\t\t\t<div class=\"elementor-element elementor-element-a20a4f8 elementor-widget elementor-widget-heading\" data-id=\"a20a4f8\" data-element_type=\"widget\" data-widget_type=\"heading.default\">\n\t\t\t\t<div class=\"elementor-widget-container\">\n\t\t\t\t\t<h2 class=\"elementor-heading-title elementor-size-default\">Condiciones generales de venta<\/h2>\t\t\t\t<\/div>\n\t\t\t\t<\/div>\n\t\t\t\t<div class=\"elementor-element elementor-element-782b7e8 elementor-widget-divider--view-line elementor-invisible elementor-widget elementor-widget-divider\" data-id=\"782b7e8\" data-element_type=\"widget\" data-settings=\"{&quot;_animation&quot;:&quot;fadeInRight&quot;,&quot;_animation_delay&quot;:300}\" data-widget_type=\"divider.default\">\n\t\t\t\t<div class=\"elementor-widget-container\">\n\t\t\t\t\t\t\t<div class=\"elementor-divider\">\n\t\t\t<span class=\"elementor-divider-separator\">\n\t\t\t\t\t\t<\/span>\n\t\t<\/div>\n\t\t\t\t\t\t<\/div>\n\t\t\t\t<\/div>\n\t\t\t\t<div class=\"elementor-element elementor-element-1f7e5e1 elementor-widget elementor-widget-spacer\" data-id=\"1f7e5e1\" data-element_type=\"widget\" data-widget_type=\"spacer.default\">\n\t\t\t\t<div class=\"elementor-widget-container\">\n\t\t\t\t\t\t\t<div class=\"elementor-spacer\">\n\t\t\t<div class=\"elementor-spacer-inner\"><\/div>\n\t\t<\/div>\n\t\t\t\t\t\t<\/div>\n\t\t\t\t<\/div>\n\t\t\t\t<div class=\"elementor-element elementor-element-e966b2e elementor-widget elementor-widget-heading\" data-id=\"e966b2e\" data-element_type=\"widget\" data-widget_type=\"heading.default\">\n\t\t\t\t<div class=\"elementor-widget-container\">\n\t\t\t\t\t<h2 class=\"elementor-heading-title elementor-size-default\">Presentaci\u00f3n<\/h2>\t\t\t\t<\/div>\n\t\t\t\t<\/div>\n\t\t\t\t<div class=\"elementor-element elementor-element-b1e54eb elementor-widget elementor-widget-text-editor\" data-id=\"b1e54eb\" data-element_type=\"widget\" data-widget_type=\"text-editor.default\">\n\t\t\t\t<div class=\"elementor-widget-container\">\n\t\t\t\t\t\t\t\t\t<p>El hotelero tiene la libertad de no recibir a los clientes con un comportamiento ruidoso o incorrecto, as\u00ed como a aquellos cuyo comportamiento sea contrario a las buenas costumbres y al orden p\u00fablico. Se requiere la presentaci\u00f3n de un documento de identidad.<\/p>\t\t\t\t\t\t\t\t<\/div>\n\t\t\t\t<\/div>\n\t\t\t\t<div class=\"elementor-element elementor-element-f61e217 elementor-widget elementor-widget-heading\" data-id=\"f61e217\" data-element_type=\"widget\" data-widget_type=\"heading.default\">\n\t\t\t\t<div class=\"elementor-widget-container\">\n\t\t\t\t\t<h2 class=\"elementor-heading-title elementor-size-default\">LA RECEPCI\u00d3N<\/h2>\t\t\t\t<\/div>\n\t\t\t\t<\/div>\n\t\t\t\t<div class=\"elementor-element elementor-element-ffc7bd6 elementor-widget elementor-widget-text-editor\" data-id=\"ffc7bd6\" data-element_type=\"widget\" data-widget_type=\"text-editor.default\">\n\t\t\t\t<div class=\"elementor-widget-container\">\n\t\t\t\t\t\t\t\t\t<p>No nos hacemos responsables de los equipajes ni de los objetos dejados en las zonas comunes.<\/p>\t\t\t\t\t\t\t\t<\/div>\n\t\t\t\t<\/div>\n\t\t\t\t<div class=\"elementor-element elementor-element-542e8fd elementor-widget elementor-widget-heading\" data-id=\"542e8fd\" data-element_type=\"widget\" data-widget_type=\"heading.default\">\n\t\t\t\t<div class=\"elementor-widget-container\">\n\t\t\t\t\t<h2 class=\"elementor-heading-title elementor-size-default\">PAGO<\/h2>\t\t\t\t<\/div>\n\t\t\t\t<\/div>\n\t\t\t\t<div class=\"elementor-element elementor-element-f9e4076 elementor-widget elementor-widget-text-editor\" data-id=\"f9e4076\" data-element_type=\"widget\" data-widget_type=\"text-editor.default\">\n\t\t\t\t<div class=\"elementor-widget-container\">\n\t\t\t\t\t\t\t\t\t<p>El pago total de la estancia debe realizarse al momento de la llegada. <strong>Aceptamos cheques de empresa, cheques de vacaciones, las siguientes tarjetas bancarias: Visa, Eurocard, MasterCard, American Express, y pagos en efectivo. <\/strong>Es obligatorio presentar un documento de identidad al registrarse. Si no se puede proporcionar este documento, no podremos proceder con la reserva de la habitaci\u00f3n.<\/p><p><strong>Se solicitar\u00e1 un dep\u00f3sito de 150\u20ac (mediante tarjeta o en efectivo) al momento de la llegada. Este dep\u00f3sito se retendr\u00e1 en caso de incumplir las normas del hotel.<\/strong><\/p>\t\t\t\t\t\t\t\t<\/div>\n\t\t\t\t<\/div>\n\t\t\t\t<div class=\"elementor-element elementor-element-ba01c44 elementor-widget elementor-widget-heading\" data-id=\"ba01c44\" data-element_type=\"widget\" data-widget_type=\"heading.default\">\n\t\t\t\t<div class=\"elementor-widget-container\">\n\t\t\t\t\t<h2 class=\"elementor-heading-title elementor-size-default\">EN CASO DE INTERRUPCI\u00d3N DE LA ESTANCIA<\/h2>\t\t\t\t<\/div>\n\t\t\t\t<\/div>\n\t\t\t\t<div class=\"elementor-element elementor-element-933cc54 elementor-widget elementor-widget-text-editor\" data-id=\"933cc54\" data-element_type=\"widget\" data-widget_type=\"text-editor.default\">\n\t\t\t\t<div class=\"elementor-widget-container\">\n\t\t\t\t\t\t\t\t\t<p><strong>No se proceder\u00e1 a ning\u00fan reembolso<\/strong>. Del mismo modo, en caso de salida anticipada, se deber\u00e1 abonar el importe total de la estancia. Las salidas anticipadas no podr\u00e1n dar lugar a reembolsos.<\/p>\t\t\t\t\t\t\t\t<\/div>\n\t\t\t\t<\/div>\n\t\t\t\t<div class=\"elementor-element elementor-element-75464fd elementor-widget elementor-widget-heading\" data-id=\"75464fd\" data-element_type=\"widget\" data-widget_type=\"heading.default\">\n\t\t\t\t<div class=\"elementor-widget-container\">\n\t\t\t\t\t<h2 class=\"elementor-heading-title elementor-size-default\">No presentaci\u00f3n en el hotel<\/h2>\t\t\t\t<\/div>\n\t\t\t\t<\/div>\n\t\t\t\t<div class=\"elementor-element elementor-element-469fef9 elementor-widget elementor-widget-text-editor\" data-id=\"469fef9\" data-element_type=\"widget\" data-widget_type=\"text-editor.default\">\n\t\t\t\t<div class=\"elementor-widget-container\">\n\t\t\t\t\t\t\t\t\t<p>La no presentaci\u00f3n en el hotel se considerar\u00e1 como una confirmaci\u00f3n de la reserva.<\/p>\t\t\t\t\t\t\t\t<\/div>\n\t\t\t\t<\/div>\n\t\t\t\t<div class=\"elementor-element elementor-element-f5b1d1d elementor-widget elementor-widget-heading\" data-id=\"f5b1d1d\" data-element_type=\"widget\" data-widget_type=\"heading.default\">\n\t\t\t\t<div class=\"elementor-widget-container\">\n\t\t\t\t\t<h2 class=\"elementor-heading-title elementor-size-default\">CANCELACI\u00d3N<\/h2>\t\t\t\t<\/div>\n\t\t\t\t<\/div>\n\t\t\t\t<div class=\"elementor-element elementor-element-78143c3 elementor-widget elementor-widget-text-editor\" data-id=\"78143c3\" data-element_type=\"widget\" data-widget_type=\"text-editor.default\">\n\t\t\t\t<div class=\"elementor-widget-container\">\n\t\t\t\t\t\t\t\t\t<ul><li><strong>Para las reservas individuales<\/strong>, cualquier cancelaci\u00f3n debe notificarse con al menos 48 horas de antelaci\u00f3n a la fecha de llegada (salvo en condiciones especiales establecidas por nuestros socios). Pasado este plazo, la reserva ser\u00e1 cobrada. La no presentaci\u00f3n ser\u00e1 considerada como una confirmaci\u00f3n de la reserva.<\/li><li><strong>Para las reservas de grupo<\/strong>, el dep\u00f3sito del 50% no es reembolsable si se cancela con menos de dos meses de antelaci\u00f3n al inicio de la estancia. El saldo restante no es reembolsable si se cancela con menos de un mes de antelaci\u00f3n al inicio de la estancia.<\/li><\/ul><p><strong>El derecho de desistimiento de 14 d\u00edas, regido por el c\u00f3digo de consumo, no se aplica a los servicios de alojamiento hotelero. Art\u00edculo L.221-28 del C\u00f3digo de Consumo.<\/strong><\/p>\t\t\t\t\t\t\t\t<\/div>\n\t\t\t\t<\/div>\n\t\t\t\t<div class=\"elementor-element elementor-element-7c3ab42 elementor-widget elementor-widget-heading\" data-id=\"7c3ab42\" data-element_type=\"widget\" data-widget_type=\"heading.default\">\n\t\t\t\t<div class=\"elementor-widget-container\">\n\t\t\t\t\t<h2 class=\"elementor-heading-title elementor-size-default\">LLAMADAS COMERCIALES<\/h2>\t\t\t\t<\/div>\n\t\t\t\t<\/div>\n\t\t\t\t<div class=\"elementor-element elementor-element-be0a06b elementor-widget elementor-widget-text-editor\" data-id=\"be0a06b\" data-element_type=\"widget\" data-widget_type=\"text-editor.default\">\n\t\t\t\t<div class=\"elementor-widget-container\">\n\t\t\t\t\t\t\t\t\t<p>De conformidad con las disposiciones del <strong>art\u00edculo L223-2 del C\u00f3digo de Consumo<\/strong>, se informa al consumidor de que tiene la posibilidad de inscribirse gratuitamente en una lista de oposici\u00f3n a la venta telef\u00f3nica si no desea ser objeto de prospecci\u00f3n comercial por tel\u00e9fono. Esta lista est\u00e1 disponible en el siguiente enlace: <a href=\"https:\/\/www.bloctel.gouv.fr\/\" target=\"_blank\" rel=\"noopener\">www.bloctel.gouv.fr<\/a><\/p>\t\t\t\t\t\t\t\t<\/div>\n\t\t\t\t<\/div>\n\t\t\t\t<div class=\"elementor-element elementor-element-c034dc2 elementor-widget elementor-widget-heading\" data-id=\"c034dc2\" data-element_type=\"widget\" data-widget_type=\"heading.default\">\n\t\t\t\t<div class=\"elementor-widget-container\">\n\t\t\t\t\t<h2 class=\"elementor-heading-title elementor-size-default\">Tasa tur\u00edstica<\/h2>\t\t\t\t<\/div>\n\t\t\t\t<\/div>\n\t\t\t\t<div class=\"elementor-element elementor-element-b4763be elementor-widget elementor-widget-text-editor\" data-id=\"b4763be\" data-element_type=\"widget\" data-widget_type=\"text-editor.default\">\n\t\t\t\t<div class=\"elementor-widget-container\">\n\t\t\t\t\t\t\t\t\t<p>No est\u00e1 incluida en el precio de la reserva y se aplica en la localidad. Debe abonarse directamente en el hotel.<\/p>\t\t\t\t\t\t\t\t<\/div>\n\t\t\t\t<\/div>\n\t\t\t\t<div class=\"elementor-element elementor-element-e33de6b elementor-widget elementor-widget-heading\" data-id=\"e33de6b\" data-element_type=\"widget\" data-widget_type=\"heading.default\">\n\t\t\t\t<div class=\"elementor-widget-container\">\n\t\t\t\t\t<h2 class=\"elementor-heading-title elementor-size-default\">ACCESO A LAS HABITACIONES<\/h2>\t\t\t\t<\/div>\n\t\t\t\t<\/div>\n\t\t\t\t<div class=\"elementor-element elementor-element-e4d3413 elementor-widget elementor-widget-text-editor\" data-id=\"e4d3413\" data-element_type=\"widget\" data-widget_type=\"text-editor.default\">\n\t\t\t\t<div class=\"elementor-widget-container\">\n\t\t\t\t\t\t\t\t\t<p><strong>Las habitaciones est\u00e1n disponibles a partir de las 15:00 y deben ser desocupadas antes de las 12:00<\/strong>. Tenga en cuenta que las salidas tard\u00edas conllevan un cargo adicional de 20\u20ac\/hora. Si desea prolongar su estancia una noche m\u00e1s, el pago deber\u00e1 realizarse antes de las 11:00, sujeto a disponibilidad. Adem\u00e1s, la habitaci\u00f3n est\u00e1 dise\u00f1ada para un n\u00famero espec\u00edfico de personas; por razones de seguridad, no se permite alojar a m\u00e1s hu\u00e9spedes. Por favor, aseg\u00farese de cerrar bien la puerta de su habitaci\u00f3n antes de salir o al irse a dormir.<\/p>\t\t\t\t\t\t\t\t<\/div>\n\t\t\t\t<\/div>\n\t\t\t\t<div class=\"elementor-element elementor-element-37eccaf elementor-widget elementor-widget-heading\" data-id=\"37eccaf\" data-element_type=\"widget\" data-widget_type=\"heading.default\">\n\t\t\t\t<div class=\"elementor-widget-container\">\n\t\t\t\t\t<h2 class=\"elementor-heading-title elementor-size-default\">PROHIBICIONES<\/h2>\t\t\t\t<\/div>\n\t\t\t\t<\/div>\n\t\t\t\t<div class=\"elementor-element elementor-element-7e27466 elementor-widget elementor-widget-text-editor\" data-id=\"7e27466\" data-element_type=\"widget\" data-widget_type=\"text-editor.default\">\n\t\t\t\t<div class=\"elementor-widget-container\">\n\t\t\t\t\t\t\t\t\t<strong>Le recordamos que est\u00e1 prohibido fumar en todas las zonas comunes desde el 2 de enero de 2008<\/strong>. Asimismo, por motivos de seguridad y comodidad, est\u00e1 estrictamente prohibido fumar en las habitaciones. El incumplimiento de esta norma supondr\u00e1 un cargo de 150\u20ac por estancia para la limpieza y restauraci\u00f3n de la habitaci\u00f3n.<br\/>\nAdem\u00e1s, no est\u00e1 permitido el uso de aparatos de gas, como hornillos, en las habitaciones.\t\t\t\t\t\t\t\t<\/div>\n\t\t\t\t<\/div>\n\t\t\t\t<div class=\"elementor-element elementor-element-7cf9c2d elementor-widget elementor-widget-heading\" data-id=\"7cf9c2d\" data-element_type=\"widget\" data-widget_type=\"heading.default\">\n\t\t\t\t<div class=\"elementor-widget-container\">\n\t\t\t\t\t<h2 class=\"elementor-heading-title elementor-size-default\">MASCOTAS<\/h2>\t\t\t\t<\/div>\n\t\t\t\t<\/div>\n\t\t\t\t<div class=\"elementor-element elementor-element-52578c3 elementor-widget elementor-widget-text-editor\" data-id=\"52578c3\" data-element_type=\"widget\" data-widget_type=\"text-editor.default\">\n\t\t\t\t<div class=\"elementor-widget-container\">\n\t\t\t\t\t\t\t\t\t<p>Se admiten mascotas bajo ciertas condiciones: deben pesar menos de 10 kg y deben ir siempre con correa en todas las zonas comunes del establecimiento. <br \/><strong>Por razones de higiene, no se permite su acceso al comedor ni pueden quedarse solas en la habitaci\u00f3n.<\/strong><\/p>\t\t\t\t\t\t\t\t<\/div>\n\t\t\t\t<\/div>\n\t\t\t\t<div class=\"elementor-element elementor-element-1eeca94 elementor-widget elementor-widget-heading\" data-id=\"1eeca94\" data-element_type=\"widget\" data-widget_type=\"heading.default\">\n\t\t\t\t<div class=\"elementor-widget-container\">\n\t\t\t\t\t<h2 class=\"elementor-heading-title elementor-size-default\">DESAYUNO<\/h2>\t\t\t\t<\/div>\n\t\t\t\t<\/div>\n\t\t\t\t<div class=\"elementor-element elementor-element-0f203f9 elementor-widget elementor-widget-text-editor\" data-id=\"0f203f9\" data-element_type=\"widget\" data-widget_type=\"text-editor.default\">\n\t\t\t\t<div class=\"elementor-widget-container\">\n\t\t\t\t\t\t\t\t\t<p>Se sirve todos los d\u00edas de 6:30 a 9:30 en la zona habilitada para ello.<\/p>\t\t\t\t\t\t\t\t<\/div>\n\t\t\t\t<\/div>\n\t\t\t\t<div class=\"elementor-element elementor-element-755cd88 elementor-widget elementor-widget-heading\" data-id=\"755cd88\" data-element_type=\"widget\" data-widget_type=\"heading.default\">\n\t\t\t\t<div class=\"elementor-widget-container\">\n\t\t\t\t\t<h2 class=\"elementor-heading-title elementor-size-default\">DA\u00d1OS<\/h2>\t\t\t\t<\/div>\n\t\t\t\t<\/div>\n\t\t\t\t<div class=\"elementor-element elementor-element-b4da534 elementor-widget elementor-widget-text-editor\" data-id=\"b4da534\" data-element_type=\"widget\" data-widget_type=\"text-editor.default\">\n\t\t\t\t<div class=\"elementor-widget-container\">\n\t\t\t\t\t\t\t\t\tLe pedimos que respete las instalaciones y la decoraci\u00f3n de su habitaci\u00f3n. En caso de da\u00f1os o p\u00e9rdida de mobiliario, el hu\u00e9sped ser\u00e1 responsable y se le aplicar\u00e1n los cargos correspondientes. Asimismo, cualquier objeto faltante (toallas, almohadas, etc.) o deteriorado tras su estancia ser\u00e1 facturado autom\u00e1ticamente. <strong>Se le entregar\u00e1 una llave durante su estancia para acceder libremente a su habitaci\u00f3n. En caso de p\u00e9rdida, se aplicar\u00e1 un cargo por reposici\u00f3n seg\u00fan la tarifa vigente<\/strong>.\t\t\t\t\t\t\t\t<\/div>\n\t\t\t\t<\/div>\n\t\t\t\t<div class=\"elementor-element elementor-element-1150463 elementor-widget elementor-widget-heading\" data-id=\"1150463\" data-element_type=\"widget\" data-widget_type=\"heading.default\">\n\t\t\t\t<div class=\"elementor-widget-container\">\n\t\t\t\t\t<h2 class=\"elementor-heading-title elementor-size-default\">RUIDO<\/h2>\t\t\t\t<\/div>\n\t\t\t\t<\/div>\n\t\t\t\t<div class=\"elementor-element elementor-element-fd0973f elementor-widget elementor-widget-text-editor\" data-id=\"fd0973f\" data-element_type=\"widget\" data-widget_type=\"text-editor.default\">\n\t\t\t\t<div class=\"elementor-widget-container\">\n\t\t\t\t\t\t\t\t\t<p>Para respetar la tranquilidad de los dem\u00e1s hu\u00e9spedes, le rogamos que evite hacer ruidos excesivos, especialmente entre las 22:00 y las 08:00. <strong>Cualquier molestia sonora provocada por una persona o un animal bajo la responsabilidad del hu\u00e9sped podr\u00e1 llevar al hotelero a solicitar su salida del establecimiento sin necesidad de realizar mediciones ac\u00fasticas, siempre que el ruido pueda perturbar el descanso de los dem\u00e1s clientes (Art\u00edculos R.1334-30 y R.1334-31 del C\u00f3digo de Salud P\u00fablica)<\/strong>. Las habitaciones del hotel son espacios destinados al descanso, por lo que est\u00e1 estrictamente prohibido realizar cualquier actividad comercial en ellas.<\/p>\t\t\t\t\t\t\t\t<\/div>\n\t\t\t\t<\/div>\n\t\t\t\t<div class=\"elementor-element elementor-element-2e7492b elementor-widget elementor-widget-heading\" data-id=\"2e7492b\" data-element_type=\"widget\" data-widget_type=\"heading.default\">\n\t\t\t\t<div class=\"elementor-widget-container\">\n\t\t\t\t\t<h2 class=\"elementor-heading-title elementor-size-default\">NORMAS DEL HOTEL<\/h2>\t\t\t\t<\/div>\n\t\t\t\t<\/div>\n\t\t\t\t<div class=\"elementor-element elementor-element-21e3f6c elementor-widget elementor-widget-text-editor\" data-id=\"21e3f6c\" data-element_type=\"widget\" data-widget_type=\"text-editor.default\">\n\t\t\t\t<div class=\"elementor-widget-container\">\n\t\t\t\t\t\t\t\t\t<p>El reglamento interno del hotel se aplica a todas las reservas. Cualquier estancia implica la aceptaci\u00f3n de las condiciones espec\u00edficas y normas internas del establecimiento.<\/p>\t\t\t\t\t\t\t\t<\/div>\n\t\t\t\t<\/div>\n\t\t\t\t<div class=\"elementor-element elementor-element-5c089e2 elementor-widget elementor-widget-heading\" data-id=\"5c089e2\" data-element_type=\"widget\" data-widget_type=\"heading.default\">\n\t\t\t\t<div class=\"elementor-widget-container\">\n\t\t\t\t\t<h2 class=\"elementor-heading-title elementor-size-default\">EN CASO DE INCUMPLIMIENTO DE ESTAS DISPOSICIONES POR PARTE DEL CLIENTE, EL HOTELERO SE VER\u00c1 OBLIGADO A PEDIRLE QUE ABANDONE EL ESTABLECIMIENTO SIN NINGUNA COMPENSACI\u00d3N<\/h2>\t\t\t\t<\/div>\n\t\t\t\t<\/div>\n\t\t\t\t<div class=\"elementor-element elementor-element-fc05145 elementor-widget elementor-widget-heading\" data-id=\"fc05145\" data-element_type=\"widget\" data-widget_type=\"heading.default\">\n\t\t\t\t<div class=\"elementor-widget-container\">\n\t\t\t\t\t<h2 class=\"elementor-heading-title elementor-size-default\">RESOLUCI\u00d3N DE DISPUTAS<\/h2>\t\t\t\t<\/div>\n\t\t\t\t<\/div>\n\t\t\t\t<div class=\"elementor-element elementor-element-3cefbf0 elementor-widget elementor-widget-text-editor\" data-id=\"3cefbf0\" data-element_type=\"widget\" data-widget_type=\"text-editor.default\">\n\t\t\t\t<div class=\"elementor-widget-container\">\n\t\t\t\t\t\t\t\t\t<p>Para cualquier reclamaci\u00f3n relacionada con una reserva en el hotel, la direcci\u00f3n del hotel est\u00e1 disponible a trav\u00e9s de la secci\u00f3n \u00abCont\u00e1ctenos\u00bb en la p\u00e1gina web del hotel: <a href=\"https:\/\/hotel-pavillon-gatines.com\">hotel-pavillon-gatines.com<\/a><\/p>\t\t\t\t\t\t\t\t<\/div>\n\t\t\t\t<\/div>\n\t\t\t\t<div class=\"elementor-element elementor-element-573625d elementor-widget elementor-widget-text-editor\" data-id=\"573625d\" data-element_type=\"widget\" data-widget_type=\"text-editor.default\">\n\t\t\t\t<div class=\"elementor-widget-container\">\n\t\t\t\t\t\t\t\t\t<p>Adem\u00e1s, se informa al consumidor que puede presentar su reclamaci\u00f3n a trav\u00e9s de la plataforma europea de resoluci\u00f3n de disputas, accesible en:<br \/><a href=\"https:\/\/ec.europa.eu\/consumers\/odr\/main\/index.cfm?event=main.home2.show&amp;lng=FR\" target=\"_blank\" rel=\"noopener\">https:\/\/ec.europa.eu\/consumers\/odr\/main\/index.cfm?event=main.home2.show&amp;lng=FR<\/a><\/p><p>En caso de que la disputa no se resuelva durante los 30 d\u00edas siguientes a la reclamaci\u00f3n, el cliente podr\u00e1 contactar con el Mediador de Turismo y Viajes, cuyas coordenadas son las siguientes:<br \/><strong>Direcci\u00f3n postal: <\/strong>M\u00e9diation Tourisme et Voyage BP 80 303 75<br \/><strong>P\u00e1gina web:<\/strong> <a href=\"http:\/\/www.mtv.travel\" target=\"_blank\" rel=\"noopener\">www.mtv.travel<\/a><\/p>\t\t\t\t\t\t\t\t<\/div>\n\t\t\t\t<\/div>\n\t\t\t\t\t<\/div>\n\t\t\t\t<\/div>\n\t\t\t\t<\/div>\n\t\t","protected":false},"excerpt":{"rendered":"<p>Condiciones generales de venta Condiciones generales de venta Presentaci\u00f3n El hotelero tiene la libertad de no recibir a los clientes con un comportamiento ruidoso o incorrecto, as\u00ed como a aquellos cuyo comportamiento sea contrario a las buenas costumbres y al orden p\u00fablico. Se requiere la presentaci\u00f3n de un documento de identidad. LA RECEPCI\u00d3N No nos [&hellip;]<\/p>\n","protected":false},"author":1,"featured_media":0,"parent":0,"menu_order":0,"comment_status":"closed","ping_status":"closed","template":"","meta":{"_monsterinsights_skip_tracking":false,"_monsterinsights_sitenote_active":false,"_monsterinsights_sitenote_note":"","_monsterinsights_sitenote_category":0,"footnotes":""},"class_list":["post-977","page","type-page","status-publish","hentry"],"_links":{"self":[{"href":"https:\/\/hotel-pavillon-gatines.com\/index.php\/wp-json\/wp\/v2\/pages\/977","targetHints":{"allow":["GET"]}}],"collection":[{"href":"https:\/\/hotel-pavillon-gatines.com\/index.php\/wp-json\/wp\/v2\/pages"}],"about":[{"href":"https:\/\/hotel-pavillon-gatines.com\/index.php\/wp-json\/wp\/v2\/types\/page"}],"author":[{"embeddable":true,"href":"https:\/\/hotel-pavillon-gatines.com\/index.php\/wp-json\/wp\/v2\/users\/1"}],"replies":[{"embeddable":true,"href":"https:\/\/hotel-pavillon-gatines.com\/index.php\/wp-json\/wp\/v2\/comments?post=977"}],"version-history":[{"count":28,"href":"https:\/\/hotel-pavillon-gatines.com\/index.php\/wp-json\/wp\/v2\/pages\/977\/revisions"}],"predecessor-version":[{"id":1152,"href":"https:\/\/hotel-pavillon-gatines.com\/index.php\/wp-json\/wp\/v2\/pages\/977\/revisions\/1152"}],"wp:attachment":[{"href":"https:\/\/hotel-pavillon-gatines.com\/index.php\/wp-json\/wp\/v2\/media?parent=977"}],"curies":[{"name":"wp","href":"https:\/\/api.w.org\/{rel}","templated":true}]}}