{"id":305,"date":"2025-01-14T12:48:33","date_gmt":"2025-01-14T11:48:33","guid":{"rendered":"https:\/\/hotel-pavillon-gatines.com\/?page_id=305"},"modified":"2025-01-28T13:14:13","modified_gmt":"2025-01-28T12:14:13","slug":"reglement-interieur","status":"publish","type":"page","link":"https:\/\/hotel-pavillon-gatines.com\/index.php\/reglement-interieur\/","title":{"rendered":"R\u00e8glement int\u00e9rieur"},"content":{"rendered":"\t\t<div data-elementor-type=\"wp-page\" data-elementor-id=\"305\" class=\"elementor elementor-305\">\n\t\t\t\t<div class=\"elementor-element elementor-element-1b7a64b e-flex e-con-boxed e-con e-parent\" data-id=\"1b7a64b\" data-element_type=\"container\">\n\t\t\t\t\t<div class=\"e-con-inner\">\n\t\t\t\t<div class=\"elementor-element elementor-element-f191688 elementor-widget elementor-widget-heading\" data-id=\"f191688\" data-element_type=\"widget\" data-widget_type=\"heading.default\">\n\t\t\t\t<div class=\"elementor-widget-container\">\n\t\t\t\t\t<h2 class=\"elementor-heading-title elementor-size-default\">R\u00c8GLEMENT INT\u00c9RIEUR<\/h2>\t\t\t\t<\/div>\n\t\t\t\t<\/div>\n\t\t\t\t<div class=\"elementor-element elementor-element-bf9b234 elementor-widget elementor-widget-heading\" data-id=\"bf9b234\" data-element_type=\"widget\" data-widget_type=\"heading.default\">\n\t\t\t\t<div class=\"elementor-widget-container\">\n\t\t\t\t\t<h2 class=\"elementor-heading-title elementor-size-default\">R\u00e8glement int\u00e9rieur<\/h2>\t\t\t\t<\/div>\n\t\t\t\t<\/div>\n\t\t\t\t<div class=\"elementor-element elementor-element-ace6f32 elementor-widget-divider--view-line elementor-invisible elementor-widget elementor-widget-divider\" data-id=\"ace6f32\" data-element_type=\"widget\" data-settings=\"{&quot;_animation&quot;:&quot;fadeInRight&quot;,&quot;_animation_delay&quot;:300}\" data-widget_type=\"divider.default\">\n\t\t\t\t<div class=\"elementor-widget-container\">\n\t\t\t\t\t\t\t<div class=\"elementor-divider\">\n\t\t\t<span class=\"elementor-divider-separator\">\n\t\t\t\t\t\t<\/span>\n\t\t<\/div>\n\t\t\t\t\t\t<\/div>\n\t\t\t\t<\/div>\n\t\t\t\t<div class=\"elementor-element elementor-element-78b1436 elementor-widget elementor-widget-spacer\" data-id=\"78b1436\" data-element_type=\"widget\" data-widget_type=\"spacer.default\">\n\t\t\t\t<div class=\"elementor-widget-container\">\n\t\t\t\t\t\t\t<div class=\"elementor-spacer\">\n\t\t\t<div class=\"elementor-spacer-inner\"><\/div>\n\t\t<\/div>\n\t\t\t\t\t\t<\/div>\n\t\t\t\t<\/div>\n\t\t\t\t<div class=\"elementor-element elementor-element-673803b elementor-widget elementor-widget-text-editor\" data-id=\"673803b\" data-element_type=\"widget\" data-widget_type=\"text-editor.default\">\n\t\t\t\t<div class=\"elementor-widget-container\">\n\t\t\t\t\t\t\t\t\t<p>Chers clients,<br \/>Afin que le s\u00e9jour de chacun se passe dans les meilleures conditions, nous vous prions de trouver ci-apr\u00e8s notre r\u00e8glement int\u00e9rieur.<\/p>\t\t\t\t\t\t\t\t<\/div>\n\t\t\t\t<\/div>\n\t\t\t\t<div class=\"elementor-element elementor-element-b2abcb5 elementor-widget elementor-widget-heading\" data-id=\"b2abcb5\" data-element_type=\"widget\" data-widget_type=\"heading.default\">\n\t\t\t\t<div class=\"elementor-widget-container\">\n\t\t\t\t\t<h2 class=\"elementor-heading-title elementor-size-default\">G\u00c9N\u00c9RALIT\u00c9S<\/h2>\t\t\t\t<\/div>\n\t\t\t\t<\/div>\n\t\t\t\t<div class=\"elementor-element elementor-element-6a9d3ea elementor-widget elementor-widget-text-editor\" data-id=\"6a9d3ea\" data-element_type=\"widget\" data-widget_type=\"text-editor.default\">\n\t\t\t\t<div class=\"elementor-widget-container\">\n\t\t\t\t\t\t\t\t\t<p><strong>Le r\u00e8glement int\u00e9rieur de l\u2019h\u00f4tel s\u2019applique \u00e0 l\u2019ensemble des r\u00e9servations. Tout s\u00e9jour entra\u00eene l\u2019acceptation des conditions particuli\u00e8res et du r\u00e8glement int\u00e9rieur de l\u2019h\u00f4tel. <\/strong><\/p><p><strong>Le client accepte et s\u2019engage \u00e0 respecter ledit r\u00e8glement dont les dispositions s\u2019appliquent tant \u00e0 lui-m\u00eame qu\u2019\u00e0 toutes les personnes l\u2019accompagnant dans son s\u00e9jour.<\/strong><\/p><p><strong>En cas de non-respect des dispositions du pr\u00e9sent r\u00e8glement, l\u2019h\u00f4telier se trouvera dans l\u2019obligation d\u2019inviter le client \u00e0 quitter l\u2019\u00e9tablissement imm\u00e9diatement et ce, sans aucune indemnit\u00e9, ni restitution de caution. Il pourra aussi lui refuser toute r\u00e9servation future.<\/strong><\/p>\t\t\t\t\t\t\t\t<\/div>\n\t\t\t\t<\/div>\n\t\t\t\t<div class=\"elementor-element elementor-element-7cc7dcf elementor-widget elementor-widget-heading\" data-id=\"7cc7dcf\" data-element_type=\"widget\" data-widget_type=\"heading.default\">\n\t\t\t\t<div class=\"elementor-widget-container\">\n\t\t\t\t\t<h2 class=\"elementor-heading-title elementor-size-default\">ACCUEIL <\/h2>\t\t\t\t<\/div>\n\t\t\t\t<\/div>\n\t\t\t\t<div class=\"elementor-element elementor-element-8cd7046 elementor-widget elementor-widget-text-editor\" data-id=\"8cd7046\" data-element_type=\"widget\" data-widget_type=\"text-editor.default\">\n\t\t\t\t<div class=\"elementor-widget-container\">\n\t\t\t\t\t\t\t\t\t<p><strong>L\u2019h\u00f4telier \u00e0 la libert\u00e9 de ne pas recevoir<\/strong> les clients dont la tenue est ind\u00e9cente et\/ou n\u00e9glig\u00e9e, dont la tenue est destin\u00e9e \u00e0 dissimuler le visage (Loi N\u00b02010-1192 du 11 octobre 2010), ayant un comportement bruyant ou incorrect et\/ou alcoolis\u00e9 ainsi que les clients dont le comportement est contraire aux bonnes m\u0153urs et \u00e0 l&rsquo;ordre public.<\/p><p>Le client est courtois et respectueux vis-\u00e0-vis du personnel de l\u2019h\u00f4tel. A d\u00e9faut, l\u2019h\u00f4tel se r\u00e9serve le droit de d\u00e9poser plainte.<\/p><p>Le client s\u2019abstient de toute violence verbale ou physique, de tout comportement ou propos \u00e0 caract\u00e8re sexuel, raciste, antis\u00e9mite, homophobe, ainsi que de toute forme de harc\u00e8lement.<\/p><p>Afin de v\u00e9rifier l\u2019identit\u00e9 de toute personne s\u00e9journant dans l\u2019h\u00f4tel, une pi\u00e8ce d\u2019identit\u00e9 valide sera exig\u00e9e au check-in\u00a0; de m\u00eame qu\u2019une fiche d\u2019information \u00e0 compl\u00e9ter obligatoirement \u00e0 la r\u00e9ception.<\/p><p>L\u2019\u00e9tablissement n\u2019accepte pas les mineurs non accompagn\u00e9s par leur repr\u00e9sentant l\u00e9gal.<\/p>\t\t\t\t\t\t\t\t<\/div>\n\t\t\t\t<\/div>\n\t\t\t\t<div class=\"elementor-element elementor-element-bdfe58d elementor-widget elementor-widget-heading\" data-id=\"bdfe58d\" data-element_type=\"widget\" data-widget_type=\"heading.default\">\n\t\t\t\t<div class=\"elementor-widget-container\">\n\t\t\t\t\t<h2 class=\"elementor-heading-title elementor-size-default\">LA R\u00c9CEPTION<\/h2>\t\t\t\t<\/div>\n\t\t\t\t<\/div>\n\t\t\t\t<div class=\"elementor-element elementor-element-23d0213 elementor-widget elementor-widget-text-editor\" data-id=\"23d0213\" data-element_type=\"widget\" data-widget_type=\"text-editor.default\">\n\t\t\t\t<div class=\"elementor-widget-container\">\n\t\t\t\t\t\t\t\t\t<p>La r\u00e9ception est ouverte 24\/24 et 7\/7.<\/p>\t\t\t\t\t\t\t\t<\/div>\n\t\t\t\t<\/div>\n\t\t\t\t<div class=\"elementor-element elementor-element-21d7780 elementor-widget elementor-widget-heading\" data-id=\"21d7780\" data-element_type=\"widget\" data-widget_type=\"heading.default\">\n\t\t\t\t<div class=\"elementor-widget-container\">\n\t\t\t\t\t<h2 class=\"elementor-heading-title elementor-size-default\">PAIEMENT<\/h2>\t\t\t\t<\/div>\n\t\t\t\t<\/div>\n\t\t\t\t<div class=\"elementor-element elementor-element-fb35fe1 elementor-widget elementor-widget-text-editor\" data-id=\"fb35fe1\" data-element_type=\"widget\" data-widget_type=\"text-editor.default\">\n\t\t\t\t<div class=\"elementor-widget-container\">\n\t\t\t\t\t\t\t\t\t<p>Nous acceptons les moyens de paiement suivants : carte bancaire (Visa, Mastercard, American Express), les ANCV, les esp\u00e8ces. Lors de la demande de s\u00e9jour\u00a0:<\/p><ul><li><strong>Pour les r\u00e9servations individuelles, <\/strong>celles-ci ne sont consid\u00e9r\u00e9es comme fermes qu\u2019apr\u00e8s avoir fourni une emprunte bancaire.<\/li><li><strong>Pour les r\u00e9servations de groupe (plus de 6 chambres),<\/strong> un versement d\u2019un acompte de 50% doit \u00eatre fait au moins deux mois avant le d\u00e9but du s\u00e9jour, et le solde doit \u00eatre r\u00e9gl\u00e9 au plus tard un mois avant le d\u00e9but du s\u00e9jour.<\/li><\/ul><p>Les suppl\u00e9ments ne sont pas automatiquement calcul\u00e9s dans le montant total de la r\u00e9servation et doivent \u00eatre r\u00e9gl\u00e9s s\u00e9par\u00e9ment et directement aupr\u00e8s de l\u2019h\u00f4tel.<\/p><p>La taxe de s\u00e9jour est non incluse dans le prix de la r\u00e9servation et est payable sur place. Elle est due par personne majeure et par nuit\u00e9e, au tarif en vigueur au moment du s\u00e9jour.<\/p><p>Une caution \u00e9gale au montant de la r\u00e9servation de la premi\u00e8re nuit\u00e9e (d\u00e9pos\u00e9e par carte bancaire ou esp\u00e8ce) par s\u00e9jour est demand\u00e9e \u00e0 l\u2019arriv\u00e9e du client. Celle-ci est automatiquement conserv\u00e9e en cas de non-respect du r\u00e8glement int\u00e9rieur de l\u2019h\u00f4tel.<\/p><p>L\u2019h\u00f4tel se r\u00e9serve le droit de pr\u00e9lever le montant des consommations non d\u00e9clar\u00e9es au d\u00e9part.<\/p>\t\t\t\t\t\t\t\t<\/div>\n\t\t\t\t<\/div>\n\t\t\t\t<div class=\"elementor-element elementor-element-fdb38b5 elementor-widget elementor-widget-heading\" data-id=\"fdb38b5\" data-element_type=\"widget\" data-widget_type=\"heading.default\">\n\t\t\t\t<div class=\"elementor-widget-container\">\n\t\t\t\t\t<h2 class=\"elementor-heading-title elementor-size-default\">ANNULATION <\/h2>\t\t\t\t<\/div>\n\t\t\t\t<\/div>\n\t\t\t\t<div class=\"elementor-element elementor-element-4aee9bf elementor-widget elementor-widget-text-editor\" data-id=\"4aee9bf\" data-element_type=\"widget\" data-widget_type=\"text-editor.default\">\n\t\t\t\t<div class=\"elementor-widget-container\">\n\t\t\t\t\t\t\t\t\t<ul><li><strong>Pour les r\u00e9servations individuelles,<\/strong> toute annulation doit nous parvenir 48h avant la date d\u2019arriv\u00e9e pour les s\u00e9jours individuels (hors conditions particuli\u00e8res mises en place par nos partenaires). Pass\u00e9 ce d\u00e9lai, la r\u00e9servation de la premi\u00e8re nuit est due.<\/li><li><strong>Pour les r\u00e9servations de groupe<\/strong>, les acomptes et soldes restent acquis \u00e0 l\u2019h\u00f4tel et ne sont plus remboursables une fois pass\u00e9e leur date limite de versement.<\/li><\/ul><p><strong>Le droit de r\u00e9tractation de 14 jours r\u00e9gi par le code de la consommation, ne s\u2019applique pas dans le cadre des prestations d\u2019h\u00e9bergement h\u00f4telier (Article L.221-28 du code de la consommation).<\/strong><\/p>\t\t\t\t\t\t\t\t<\/div>\n\t\t\t\t<\/div>\n\t\t\t\t<div class=\"elementor-element elementor-element-bc92a5e elementor-widget elementor-widget-heading\" data-id=\"bc92a5e\" data-element_type=\"widget\" data-widget_type=\"heading.default\">\n\t\t\t\t<div class=\"elementor-widget-container\">\n\t\t\t\t\t<h2 class=\"elementor-heading-title elementor-size-default\">R\u00c9SERVATION NON REMBOURSABLE<\/h2>\t\t\t\t<\/div>\n\t\t\t\t<\/div>\n\t\t\t\t<div class=\"elementor-element elementor-element-2fda62d elementor-widget elementor-widget-text-editor\" data-id=\"2fda62d\" data-element_type=\"widget\" data-widget_type=\"text-editor.default\">\n\t\t\t\t<div class=\"elementor-widget-container\">\n\t\t\t\t\t\t\t\t\t<p>La non-pr\u00e9sentation est consid\u00e9r\u00e9e comme prise effective de la chambre pour la premi\u00e8re nuit.<\/p><p>Les retards \u00e0 l\u2019arriv\u00e9e ou les d\u00e9parts anticip\u00e9s ne peuvent en aucun cas donner lieu \u00e0 un remboursement\u00a0; le s\u00e9jour \u00e9tant alors d\u00fb dans sa totalit\u00e9.<\/p><p>Aussi, le client est inform\u00e9 que l\u2019h\u00f4telier a la possibilit\u00e9 de relouer la chambre sans d\u00e9lai dans les conditions suivantes :<\/p><ul><li>Annulation par le client ;<\/li><li>Modification de la r\u00e9servation par le client ;<\/li><li>Non-pr\u00e9sentation du client ;<\/li><li>Erreur par le client lors de la prise de r\u00e9servation (dates, quantit\u00e9 de chambres, type de chambre).<\/li><\/ul><p><strong>\u00a0<\/strong><\/p>\t\t\t\t\t\t\t\t<\/div>\n\t\t\t\t<\/div>\n\t\t\t\t<div class=\"elementor-element elementor-element-2f4ce4e elementor-widget elementor-widget-heading\" data-id=\"2f4ce4e\" data-element_type=\"widget\" data-widget_type=\"heading.default\">\n\t\t\t\t<div class=\"elementor-widget-container\">\n\t\t\t\t\t<h2 class=\"elementor-heading-title elementor-size-default\">ARRIV\u00c9E, ACC\u00c8S AUX CHAMBRES ET D\u00c9PART<\/h2>\t\t\t\t<\/div>\n\t\t\t\t<\/div>\n\t\t\t\t<div class=\"elementor-element elementor-element-57bd70b elementor-widget elementor-widget-text-editor\" data-id=\"57bd70b\" data-element_type=\"widget\" data-widget_type=\"text-editor.default\">\n\t\t\t\t<div class=\"elementor-widget-container\">\n\t\t\t\t\t\t\t\t\t<p>L\u2019acc\u00e8s aux chambres se fait \u00e0 partir de 15h00. Elles doivent \u00eatre lib\u00e9r\u00e9es avant 12h00.<\/p><p>Attention, en cas de d\u00e9part tardif, chaque heure suppl\u00e9mentaire est factur\u00e9e 20\u20ac.<\/p><p>Toute demande de d\u00e9part tardif doit \u00eatre effectu\u00e9e aupr\u00e8s de la r\u00e9ception avant la veille du d\u00e9part.<\/p><p>Si vous d\u00e9sirez conserver la chambre une nuit suppl\u00e9mentaire, le paiement de la chambre devra \u00eatre effectu\u00e9 avant 11h00, sous r\u00e9serve de disponibilit\u00e9.<\/p><p>Votre chambre est pr\u00e9vue pour un nombre de personnes d\u00e9termin\u00e9 : pour assurer les r\u00e8gles de s\u00e9curit\u00e9 de l\u2019h\u00f4tel, vous ne devez en aucun cas h\u00e9berger des personnes suppl\u00e9mentaires. Les b\u00e9b\u00e9s et nourrissons comptent pour une personne.<\/p><p>Le client ne peut introduire dans la chambre des tierces personnes non connues par l\u2019h\u00f4telier sans autorisation de ce dernier.\u00a0<\/p><p>Pendant votre s\u00e9jour, une cl\u00e9 vous sera remise vous permettant le libre acc\u00e8s \u00e0 votre chambre. Elle ne peut \u00eatre confi\u00e9e \u00e0 une tierce personne et doit \u00eatre restitu\u00e9e le jour du d\u00e9part. En cas de perte ou de non-restitution, la r\u00e9fection vous sera factur\u00e9e au tarif en vigueur<strong>.<\/strong><\/p><p>Un m\u00e9nage quotidien des chambres est effectu\u00e9 par le personnel de l\u2019h\u00f4tel, sauf demande contraire expresse du client.<\/p><p>Les chambres mises \u00e0 la disposition de nos clients sont v\u00e9rifi\u00e9es, fonctionnelles et en bon \u00e9tat. Nos clients sont invit\u00e9s \u00e0 signaler imm\u00e9diatement \u00e0 la r\u00e9ception de l\u2019h\u00f4tel tout manquement \/ d\u00e9sordre constat\u00e9.<\/p>\t\t\t\t\t\t\t\t<\/div>\n\t\t\t\t<\/div>\n\t\t\t\t<div class=\"elementor-element elementor-element-bbbbb13 elementor-widget elementor-widget-heading\" data-id=\"bbbbb13\" data-element_type=\"widget\" data-widget_type=\"heading.default\">\n\t\t\t\t<div class=\"elementor-widget-container\">\n\t\t\t\t\t<h2 class=\"elementor-heading-title elementor-size-default\">ENFANTS ET LITS D\u2019APPOINT <\/h2>\t\t\t\t<\/div>\n\t\t\t\t<\/div>\n\t\t\t\t<div class=\"elementor-element elementor-element-644b235 elementor-widget elementor-widget-text-editor\" data-id=\"644b235\" data-element_type=\"widget\" data-widget_type=\"text-editor.default\">\n\t\t\t\t<div class=\"elementor-widget-container\">\n\t\t\t\t\t\t\t\t\t<p>Les enfants sont sous l\u2019enti\u00e8re responsabilit\u00e9 de leurs parents\/tuteurs dans l\u2019ensemble de l\u2019\u00e9tablissement. Il est interdit de les laisser sans surveillance dans la chambre.<\/p><p>A la demande du client, l\u2019h\u00f4tel peut fournir un lit b\u00e9b\u00e9, sous r\u00e9serve de disponibilit\u00e9. Le nombre maximum de lit b\u00e9b\u00e9 en chambre est de 1.<\/p>\t\t\t\t\t\t\t\t<\/div>\n\t\t\t\t<\/div>\n\t\t\t\t<div class=\"elementor-element elementor-element-3c7496b elementor-widget elementor-widget-heading\" data-id=\"3c7496b\" data-element_type=\"widget\" data-widget_type=\"heading.default\">\n\t\t\t\t<div class=\"elementor-widget-container\">\n\t\t\t\t\t<h2 class=\"elementor-heading-title elementor-size-default\">ANIMAUX <\/h2>\t\t\t\t<\/div>\n\t\t\t\t<\/div>\n\t\t\t\t<div class=\"elementor-element elementor-element-a9b64c2 elementor-widget elementor-widget-text-editor\" data-id=\"a9b64c2\" data-element_type=\"widget\" data-widget_type=\"text-editor.default\">\n\t\t\t\t<div class=\"elementor-widget-container\">\n\t\t\t\t\t\t\t\t\t<p>Les animaux sont accept\u00e9s au tarif en vigueur (consultable \u00e0 la r\u00e9ception ou sur notre site internet). Ils ne doivent pas d\u00e9passer le poids de 10 kg, doivent \u00eatre tenus en laisse dans toutes les parties communes de notre \u00e9tablissement. Pour des raisons d&rsquo;hygi\u00e8ne, les animaux ne sont pas admis dans la salle des petits d\u00e9jeuners (sauf chiens guide d\u2019aveugles ou d\u2019assistance) et ne doivent pas \u00eatre laiss\u00e9s seuls sans surveillance. Les propri\u00e9taires sont responsables de leur animal, notamment en cas de d\u00e9gradation.<\/p>\t\t\t\t\t\t\t\t<\/div>\n\t\t\t\t<\/div>\n\t\t\t\t<div class=\"elementor-element elementor-element-61de8cd elementor-widget elementor-widget-heading\" data-id=\"61de8cd\" data-element_type=\"widget\" data-widget_type=\"heading.default\">\n\t\t\t\t<div class=\"elementor-widget-container\">\n\t\t\t\t\t<h2 class=\"elementor-heading-title elementor-size-default\">LE PETIT D\u00c9JEUNER<\/h2>\t\t\t\t<\/div>\n\t\t\t\t<\/div>\n\t\t\t\t<div class=\"elementor-element elementor-element-5cd7c38 elementor-widget elementor-widget-text-editor\" data-id=\"5cd7c38\" data-element_type=\"widget\" data-widget_type=\"text-editor.default\">\n\t\t\t\t<div class=\"elementor-widget-container\">\n\t\t\t\t\t\t\t\t\t<p>Le petit-d\u00e9jeuner est servi \u00e0 partir de 06h30 jusqu\u2019\u00e0 09h30 dans la salle pr\u00e9vue \u00e0 cet effet ou, sur demande, en terrasse, en chambre ou \u00e0 emporter, au tarif en vigueur (consultable \u00e0 la r\u00e9ception ou sur notre site internet).<\/p>\t\t\t\t\t\t\t\t<\/div>\n\t\t\t\t<\/div>\n\t\t\t\t<div class=\"elementor-element elementor-element-f003a63 elementor-widget elementor-widget-heading\" data-id=\"f003a63\" data-element_type=\"widget\" data-widget_type=\"heading.default\">\n\t\t\t\t<div class=\"elementor-widget-container\">\n\t\t\t\t\t<h2 class=\"elementor-heading-title elementor-size-default\">INTERDICTIONS<\/h2>\t\t\t\t<\/div>\n\t\t\t\t<\/div>\n\t\t\t\t<div class=\"elementor-element elementor-element-7a47b0a elementor-widget elementor-widget-text-editor\" data-id=\"7a47b0a\" data-element_type=\"widget\" data-widget_type=\"text-editor.default\">\n\t\t\t\t<div class=\"elementor-widget-container\">\n\t\t\t\t\t\t\t\t\t<p>Nous vous rappelons que l\u2019interdiction de fumer est en vigueur dans tous les lieux publics depuis le 02 janvier 2008. Il est \u00e9galement absolument interdit de fumer dans les chambres et les parties communes de l\u2019\u00e9tablissement pour des raisons \u00e9videntes de s\u00e9curit\u00e9 et de confort. Il est formellement interdit de d\u00e9monter les appareils de d\u00e9tection incendie, et cela pour les m\u00eames raisons cit\u00e9es ci-dessus. Il est \u00e9galement interdit d&rsquo;utiliser dans les chambres des appareils \u00e0 gaz (exemple : r\u00e9chaud, etc.\u2026).<\/p><p>Il est strictement interdit d\u2019introduire dans les chambres et toute partie de l\u2019\u00e9tablissement des objets ou substances illicites et\/ou dangereux(ses).<\/p>\t\t\t\t\t\t\t\t<\/div>\n\t\t\t\t<\/div>\n\t\t\t\t<div class=\"elementor-element elementor-element-8bdf803 elementor-widget elementor-widget-heading\" data-id=\"8bdf803\" data-element_type=\"widget\" data-widget_type=\"heading.default\">\n\t\t\t\t<div class=\"elementor-widget-container\">\n\t\t\t\t\t<h2 class=\"elementor-heading-title elementor-size-default\">NUISANCES, D\u00c9GRADATIONS ET RESPONSABILIT\u00c9<\/h2>\t\t\t\t<\/div>\n\t\t\t\t<\/div>\n\t\t\t\t<div class=\"elementor-element elementor-element-5187777 elementor-widget elementor-widget-text-editor\" data-id=\"5187777\" data-element_type=\"widget\" data-widget_type=\"text-editor.default\">\n\t\t\t\t<div class=\"elementor-widget-container\">\n\t\t\t\t\t\t\t\t\t<p>Pour le respect et le repos des autres clients, veuillez ne pas claquer les portes ni faire du bruit, notamment entre 22h00 et 07h00. Tout bruit de voisinage li\u00e9 au comportement d\u2019un client, d\u2019un de ses accompagnants ou d\u2019un animal sous sa responsabilit\u00e9, pourra amener l\u2019h\u00f4telier \u00e0 contacter la police et \u00e0 inviter le client \u00e0 quitter l\u2019\u00e9tablissement sans qu\u2019il soit besoin de proc\u00e9der \u00e0 des mesures acoustiques, d\u00e8s lors que le bruit engendr\u00e9 est de nature \u00e0 porter atteinte \u00e0 la tranquillit\u00e9 de la client\u00e8le (art. R.1334-30 et R.1334-31 du code de la sant\u00e9 publique).<\/p><p>Les bagages dans les espaces publics sont sous la surveillance et l\u2019enti\u00e8re responsabilit\u00e9 de leur propri\u00e9taire, y compris en cas de bagages laiss\u00e9s \u00e0 la r\u00e9ception. La responsabilit\u00e9 de l\u2019h\u00f4tel ne saurait \u00eatre engag\u00e9e en cas de perte ou vol d\u2019effets personnels du client.<\/p><p>Une chambre d\u2019h\u00f4tel est un lieu de repos. Tout commerce y est formellement interdit.<\/p><p>De mani\u00e8re g\u00e9n\u00e9rale, tout dommage ou nuisance, caus\u00e9 volontairement ou non, dans la chambre ou dans les diff\u00e9rents espaces occup\u00e9s au cours du s\u00e9jour, devra \u00eatre int\u00e9gralement acquitt\u00e9 par la personne ayant r\u00e9serv\u00e9 la chambre.<\/p><p>Ainsi, l\u2019h\u00f4tel se r\u00e9serve le droit de facturer au client le co\u00fbt de r\u00e9paration ou de remplacement des mat\u00e9riels, objets ou meubles appartenant \u00e0 l\u2019h\u00f4tel, endommag\u00e9s ou manquants, m\u00eame en cas de constat apr\u00e8s le d\u00e9part du client.<\/p><p>Le montant correspondant sera d\u00e9bit\u00e9 sur la carte bancaire du client utilis\u00e9e au moment de la r\u00e9servation. Une facture pourra \u00eatre fournie sur demande.<\/p><p>En cas de d\u00e9g\u00e2ts ou nuisances ayant des r\u00e9percussions dans des chambres d\u2019autres clients, le remboursement des nuit\u00e9es des autres clients sera exig\u00e9.<\/p><p>L\u2019h\u00f4tel appliquera le forfait de m\u00e9nage si la chambre est laiss\u00e9e dans un \u00e9tat jug\u00e9 non concevable. En cas de d\u00e9t\u00e9rioration de moquette, literie, sommier, l\u2019h\u00f4tel exigera le remboursement des d\u00e9g\u00e2ts avec un forfait minimum de 1500 \u20ac pour une remise en \u00e9tat et pour l\u2019incapacit\u00e9 de pouvoir relouer la chambre.<\/p>\t\t\t\t\t\t\t\t<\/div>\n\t\t\t\t<\/div>\n\t\t\t\t<div class=\"elementor-element elementor-element-1a47bd8 elementor-widget elementor-widget-heading\" data-id=\"1a47bd8\" data-element_type=\"widget\" data-widget_type=\"heading.default\">\n\t\t\t\t<div class=\"elementor-widget-container\">\n\t\t\t\t\t<h2 class=\"elementor-heading-title elementor-size-default\">D\u00c9MARCHAGE T\u00c9L\u00c9PHONIQUE <\/h2>\t\t\t\t<\/div>\n\t\t\t\t<\/div>\n\t\t\t\t<div class=\"elementor-element elementor-element-9c40450 elementor-widget elementor-widget-text-editor\" data-id=\"9c40450\" data-element_type=\"widget\" data-widget_type=\"text-editor.default\">\n\t\t\t\t<div class=\"elementor-widget-container\">\n\t\t\t\t\t\t\t\t\t<p>Pour toute r\u00e9clamation relative \u00e0 une r\u00e9servation h\u00f4teli\u00e8re, la Direction de l\u2019h\u00f4tel est \u00e0 votre disposition via la rubrique \u00ab Contactez-nous \u00bb du site internet de l\u2019h\u00f4tel : <a href=\"https:\/\/hotel-pavillon-gatines.com\">hotel-pavillon-gatines.com<\/a>.<\/p>\t\t\t\t\t\t\t\t<\/div>\n\t\t\t\t<\/div>\n\t\t\t\t<div class=\"elementor-element elementor-element-fdc180b elementor-widget elementor-widget-text-editor\" data-id=\"fdc180b\" data-element_type=\"widget\" data-widget_type=\"text-editor.default\">\n\t\t\t\t<div class=\"elementor-widget-container\">\n\t\t\t\t\t\t\t\t\t<p>Conform\u00e9ment aux dispositions de <strong>l\u2019article L223-2 du Code de la consommation<\/strong>, le consommateur est inform\u00e9 qu\u2019il a la possibilit\u00e9 de s\u2019inscrire gratuitement sur une liste d\u2019opposition au d\u00e9marchage t\u00e9l\u00e9phonique s\u2019il ne souhaite pas faire l\u2019objet de prospection commerciale par voie t\u00e9l\u00e9phonique. Cette liste est accessible via le site suivant : <a href=\"https:\/\/www.bloctel.gouv.fr\/\" target=\"_blank\" rel=\"noopener\">www.bloctel.gouv.fr\u00a0<\/a><\/p>\t\t\t\t\t\t\t\t<\/div>\n\t\t\t\t<\/div>\n\t\t\t\t\t<\/div>\n\t\t\t\t<\/div>\n\t\t\t\t<\/div>\n\t\t","protected":false},"excerpt":{"rendered":"<p>R\u00c8GLEMENT INT\u00c9RIEUR R\u00e8glement int\u00e9rieur Chers clients,Afin que le s\u00e9jour de chacun se passe dans les meilleures conditions, nous vous prions de trouver ci-apr\u00e8s notre r\u00e8glement int\u00e9rieur. G\u00c9N\u00c9RALIT\u00c9S Le r\u00e8glement int\u00e9rieur de l\u2019h\u00f4tel s\u2019applique \u00e0 l\u2019ensemble des r\u00e9servations. Tout s\u00e9jour entra\u00eene l\u2019acceptation des conditions particuli\u00e8res et du r\u00e8glement int\u00e9rieur de l\u2019h\u00f4tel. Le client accepte et s\u2019engage [&hellip;]<\/p>\n","protected":false},"author":1,"featured_media":0,"parent":0,"menu_order":0,"comment_status":"closed","ping_status":"closed","template":"","meta":{"_monsterinsights_skip_tracking":false,"_monsterinsights_sitenote_active":false,"_monsterinsights_sitenote_note":"","_monsterinsights_sitenote_category":0,"footnotes":""},"class_list":["post-305","page","type-page","status-publish","hentry"],"_links":{"self":[{"href":"https:\/\/hotel-pavillon-gatines.com\/index.php\/wp-json\/wp\/v2\/pages\/305","targetHints":{"allow":["GET"]}}],"collection":[{"href":"https:\/\/hotel-pavillon-gatines.com\/index.php\/wp-json\/wp\/v2\/pages"}],"about":[{"href":"https:\/\/hotel-pavillon-gatines.com\/index.php\/wp-json\/wp\/v2\/types\/page"}],"author":[{"embeddable":true,"href":"https:\/\/hotel-pavillon-gatines.com\/index.php\/wp-json\/wp\/v2\/users\/1"}],"replies":[{"embeddable":true,"href":"https:\/\/hotel-pavillon-gatines.com\/index.php\/wp-json\/wp\/v2\/comments?post=305"}],"version-history":[{"count":21,"href":"https:\/\/hotel-pavillon-gatines.com\/index.php\/wp-json\/wp\/v2\/pages\/305\/revisions"}],"predecessor-version":[{"id":783,"href":"https:\/\/hotel-pavillon-gatines.com\/index.php\/wp-json\/wp\/v2\/pages\/305\/revisions\/783"}],"wp:attachment":[{"href":"https:\/\/hotel-pavillon-gatines.com\/index.php\/wp-json\/wp\/v2\/media?parent=305"}],"curies":[{"name":"wp","href":"https:\/\/api.w.org\/{rel}","templated":true}]}}