{"id":273,"date":"2025-01-14T12:29:12","date_gmt":"2025-01-14T11:29:12","guid":{"rendered":"https:\/\/hotel-pavillon-gatines.com\/?page_id=273"},"modified":"2025-01-28T13:12:25","modified_gmt":"2025-01-28T12:12:25","slug":"cgv","status":"publish","type":"page","link":"https:\/\/hotel-pavillon-gatines.com\/index.php\/cgv\/","title":{"rendered":"CGV"},"content":{"rendered":"\t\t<div data-elementor-type=\"wp-page\" data-elementor-id=\"273\" class=\"elementor elementor-273\">\n\t\t\t\t<div class=\"elementor-element elementor-element-dc6c84a e-flex e-con-boxed e-con e-parent\" data-id=\"dc6c84a\" data-element_type=\"container\">\n\t\t\t\t\t<div class=\"e-con-inner\">\n\t\t\t\t<div class=\"elementor-element elementor-element-1d35d81 elementor-widget elementor-widget-heading\" data-id=\"1d35d81\" data-element_type=\"widget\" data-widget_type=\"heading.default\">\n\t\t\t\t<div class=\"elementor-widget-container\">\n\t\t\t\t\t<h2 class=\"elementor-heading-title elementor-size-default\">CGV<\/h2>\t\t\t\t<\/div>\n\t\t\t\t<\/div>\n\t\t\t\t<div class=\"elementor-element elementor-element-a20a4f8 elementor-widget elementor-widget-heading\" data-id=\"a20a4f8\" data-element_type=\"widget\" data-widget_type=\"heading.default\">\n\t\t\t\t<div class=\"elementor-widget-container\">\n\t\t\t\t\t<h2 class=\"elementor-heading-title elementor-size-default\">Conditions g\u00e9n\u00e9rales de vente<\/h2>\t\t\t\t<\/div>\n\t\t\t\t<\/div>\n\t\t\t\t<div class=\"elementor-element elementor-element-782b7e8 elementor-widget-divider--view-line elementor-invisible elementor-widget elementor-widget-divider\" data-id=\"782b7e8\" data-element_type=\"widget\" data-settings=\"{&quot;_animation&quot;:&quot;fadeInRight&quot;,&quot;_animation_delay&quot;:300}\" data-widget_type=\"divider.default\">\n\t\t\t\t<div class=\"elementor-widget-container\">\n\t\t\t\t\t\t\t<div class=\"elementor-divider\">\n\t\t\t<span class=\"elementor-divider-separator\">\n\t\t\t\t\t\t<\/span>\n\t\t<\/div>\n\t\t\t\t\t\t<\/div>\n\t\t\t\t<\/div>\n\t\t\t\t<div class=\"elementor-element elementor-element-1f7e5e1 elementor-widget elementor-widget-spacer\" data-id=\"1f7e5e1\" data-element_type=\"widget\" data-widget_type=\"spacer.default\">\n\t\t\t\t<div class=\"elementor-widget-container\">\n\t\t\t\t\t\t\t<div class=\"elementor-spacer\">\n\t\t\t<div class=\"elementor-spacer-inner\"><\/div>\n\t\t<\/div>\n\t\t\t\t\t\t<\/div>\n\t\t\t\t<\/div>\n\t\t\t\t<div class=\"elementor-element elementor-element-e966b2e elementor-widget elementor-widget-heading\" data-id=\"e966b2e\" data-element_type=\"widget\" data-widget_type=\"heading.default\">\n\t\t\t\t<div class=\"elementor-widget-container\">\n\t\t\t\t\t<h2 class=\"elementor-heading-title elementor-size-default\">Pr\u00e9sentations<\/h2>\t\t\t\t<\/div>\n\t\t\t\t<\/div>\n\t\t\t\t<div class=\"elementor-element elementor-element-b1e54eb elementor-widget elementor-widget-text-editor\" data-id=\"b1e54eb\" data-element_type=\"widget\" data-widget_type=\"text-editor.default\">\n\t\t\t\t<div class=\"elementor-widget-container\">\n\t\t\t\t\t\t\t\t\t<p>L\u2019h\u00f4telier \u00e0 la libert\u00e9 de ne pas recevoir les clients ayant un comportement bruyant ou incorrect ainsi que les clients dont le comportement est contraire aux bonnes m\u0153urs et \u00e0 l&rsquo;ordre public. Une pi\u00e8ce d\u2019identit\u00e9 est exig\u00e9e afin de v\u00e9rifier votre identit\u00e9.<\/p>\t\t\t\t\t\t\t\t<\/div>\n\t\t\t\t<\/div>\n\t\t\t\t<div class=\"elementor-element elementor-element-f61e217 elementor-widget elementor-widget-heading\" data-id=\"f61e217\" data-element_type=\"widget\" data-widget_type=\"heading.default\">\n\t\t\t\t<div class=\"elementor-widget-container\">\n\t\t\t\t\t<h2 class=\"elementor-heading-title elementor-size-default\">LA R\u00c9CEPTION : <\/h2>\t\t\t\t<\/div>\n\t\t\t\t<\/div>\n\t\t\t\t<div class=\"elementor-element elementor-element-ffc7bd6 elementor-widget elementor-widget-text-editor\" data-id=\"ffc7bd6\" data-element_type=\"widget\" data-widget_type=\"text-editor.default\">\n\t\t\t\t<div class=\"elementor-widget-container\">\n\t\t\t\t\t\t\t\t\t<p>d\u00e9cline toute responsabilit\u00e9 pour vos bagages ou objets d\u00e9pos\u00e9s dans les lieux publics.<\/p>\t\t\t\t\t\t\t\t<\/div>\n\t\t\t\t<\/div>\n\t\t\t\t<div class=\"elementor-element elementor-element-542e8fd elementor-widget elementor-widget-heading\" data-id=\"542e8fd\" data-element_type=\"widget\" data-widget_type=\"heading.default\">\n\t\t\t\t<div class=\"elementor-widget-container\">\n\t\t\t\t\t<h2 class=\"elementor-heading-title elementor-size-default\">PAIEMENT\u200b<\/h2>\t\t\t\t<\/div>\n\t\t\t\t<\/div>\n\t\t\t\t<div class=\"elementor-element elementor-element-f9e4076 elementor-widget elementor-widget-text-editor\" data-id=\"f9e4076\" data-element_type=\"widget\" data-widget_type=\"text-editor.default\">\n\t\t\t\t<div class=\"elementor-widget-container\">\n\t\t\t\t\t\t\t\t\t<p>Le solde du s\u00e9jour est payable \u00e0 l\u2019arriv\u00e9e. <strong>Nous acceptons : ch\u00e8ques soci\u00e9t\u00e9s ou ch\u00e8ques vacances, les cartes bancaires suivantes : Visa, Eurocard, MasterCard, American Express et esp\u00e8ce.<\/strong> Nous demandons \u00e0 toute personne s\u00e9journant dans notre \u00e9tablissement de pr\u00e9senter une pi\u00e8ce d&rsquo;identit\u00e9 \u00e0 l\u2019arriv\u00e9e. Dans le cas o\u00f9 vous ne pourriez pas nous fournir ce document, nous serions contraints de ne pas acc\u00e9der \u00e0 votre demande de location de chambre.<\/p><p><strong>Une caution de 150<\/strong><strong>\u20ac (d\u00e9poser par carte bancaire ou en esp\u00e8ce) p<\/strong><strong>ar s\u00e9jour est demand\u00e9 \u00e0 l\u2019arriv\u00e9e du client, celle-ci est automatiquement garder en cas de non-respect du r\u00e8glement int\u00e9rieur de l\u2019h\u00f4tel.<\/strong><\/p>\t\t\t\t\t\t\t\t<\/div>\n\t\t\t\t<\/div>\n\t\t\t\t<div class=\"elementor-element elementor-element-ba01c44 elementor-widget elementor-widget-heading\" data-id=\"ba01c44\" data-element_type=\"widget\" data-widget_type=\"heading.default\">\n\t\t\t\t<div class=\"elementor-widget-container\">\n\t\t\t\t\t<h2 class=\"elementor-heading-title elementor-size-default\">EN CAS D\u2019INTERRUPTION DU S\u00c9JOUR : <\/h2>\t\t\t\t<\/div>\n\t\t\t\t<\/div>\n\t\t\t\t<div class=\"elementor-element elementor-element-933cc54 elementor-widget elementor-widget-text-editor\" data-id=\"933cc54\" data-element_type=\"widget\" data-widget_type=\"text-editor.default\">\n\t\t\t\t<div class=\"elementor-widget-container\">\n\t\t\t\t\t\t\t\t\t<p>il ne sera proc\u00e9d\u00e9 \u00e0 <strong>aucun remboursement<\/strong>. De m\u00eame, en cas de d\u00e9part anticip\u00e9, le s\u00e9jour est d\u00fb dans sa totalit\u00e9. Les d\u00e9parts anticip\u00e9s ne peuvent en <strong>aucun cas donner lieu \u00e0 remboursement.<\/strong><\/p>\t\t\t\t\t\t\t\t<\/div>\n\t\t\t\t<\/div>\n\t\t\t\t<div class=\"elementor-element elementor-element-75464fd elementor-widget elementor-widget-heading\" data-id=\"75464fd\" data-element_type=\"widget\" data-widget_type=\"heading.default\">\n\t\t\t\t<div class=\"elementor-widget-container\">\n\t\t\t\t\t<h2 class=\"elementor-heading-title elementor-size-default\">LA NON-PR\u00c9SENTATION : <\/h2>\t\t\t\t<\/div>\n\t\t\t\t<\/div>\n\t\t\t\t<div class=\"elementor-element elementor-element-469fef9 elementor-widget elementor-widget-text-editor\" data-id=\"469fef9\" data-element_type=\"widget\" data-widget_type=\"text-editor.default\">\n\t\t\t\t<div class=\"elementor-widget-container\">\n\t\t\t\t\t\t\t\t\t<p>est consid\u00e9r\u00e9e comme la prise effective de la chambre.<\/p>\t\t\t\t\t\t\t\t<\/div>\n\t\t\t\t<\/div>\n\t\t\t\t<div class=\"elementor-element elementor-element-f5b1d1d elementor-widget elementor-widget-heading\" data-id=\"f5b1d1d\" data-element_type=\"widget\" data-widget_type=\"heading.default\">\n\t\t\t\t<div class=\"elementor-widget-container\">\n\t\t\t\t\t<h2 class=\"elementor-heading-title elementor-size-default\">ANNULATION<\/h2>\t\t\t\t<\/div>\n\t\t\t\t<\/div>\n\t\t\t\t<div class=\"elementor-element elementor-element-78143c3 elementor-widget elementor-widget-text-editor\" data-id=\"78143c3\" data-element_type=\"widget\" data-widget_type=\"text-editor.default\">\n\t\t\t\t<div class=\"elementor-widget-container\">\n\t\t\t\t\t\t\t\t\t<ul><li><strong>Pour les r\u00e9servations individuelles,<\/strong> toute annulation doit nous parvenir 48h avant la date d\u2019arriv\u00e9e pour les s\u00e9jours individuels (hors conditions particuli\u00e8res mises en place par nos partenaires). Pass\u00e9 ce d\u00e9lai, la r\u00e9servation est due. La non-pr\u00e9sentation est consid\u00e9r\u00e9e comme prise effective de la chambre.<\/li><li><strong>Pour les r\u00e9servations de groupe<\/strong>, le versement d\u2019un acompte de 50% n\u2019est plus remboursable deux mois avant le d\u00e9but du s\u00e9jour, et le solde n\u2019est plus remboursable un mois avant le d\u00e9but du s\u00e9jour.<\/li><\/ul><p>\u00a0<\/p><p><strong>Le droit de r\u00e9tractation de 14 jours r\u00e9gis par le code de la consommation, ne s\u2019applique pas dans le cadre des prestations d\u2019h\u00e9bergement h\u00f4telier. Article L.221-28 du code de la consommation.<\/strong><\/p>\t\t\t\t\t\t\t\t<\/div>\n\t\t\t\t<\/div>\n\t\t\t\t<div class=\"elementor-element elementor-element-7c3ab42 elementor-widget elementor-widget-heading\" data-id=\"7c3ab42\" data-element_type=\"widget\" data-widget_type=\"heading.default\">\n\t\t\t\t<div class=\"elementor-widget-container\">\n\t\t\t\t\t<h2 class=\"elementor-heading-title elementor-size-default\">D\u00c9MARCHAGE T\u00c9L\u00c9PHONIQUE<\/h2>\t\t\t\t<\/div>\n\t\t\t\t<\/div>\n\t\t\t\t<div class=\"elementor-element elementor-element-be0a06b elementor-widget elementor-widget-text-editor\" data-id=\"be0a06b\" data-element_type=\"widget\" data-widget_type=\"text-editor.default\">\n\t\t\t\t<div class=\"elementor-widget-container\">\n\t\t\t\t\t\t\t\t\t<p>Conform\u00e9ment aux dispositions de <strong>l\u2019article L223-2 du Code de la consommation<\/strong>, le consommateur est inform\u00e9 qu\u2019il a la possibilit\u00e9 de s\u2019inscrire gratuitement sur une liste d\u2019opposition au d\u00e9marchage t\u00e9l\u00e9phonique s\u2019il ne souhaite pas faire l\u2019objet de prospection commerciale par voie t\u00e9l\u00e9phonique. Cette liste est accessible via le site suivant : <a href=\"https:\/\/www.bloctel.gouv.fr\/\" target=\"_blank\" rel=\"noopener\">www.bloctel.gouv.fr<\/a><\/p>\t\t\t\t\t\t\t\t<\/div>\n\t\t\t\t<\/div>\n\t\t\t\t<div class=\"elementor-element elementor-element-c034dc2 elementor-widget elementor-widget-heading\" data-id=\"c034dc2\" data-element_type=\"widget\" data-widget_type=\"heading.default\">\n\t\t\t\t<div class=\"elementor-widget-container\">\n\t\t\t\t\t<h2 class=\"elementor-heading-title elementor-size-default\">LA TAXE DE S\u00c9JOUR<\/h2>\t\t\t\t<\/div>\n\t\t\t\t<\/div>\n\t\t\t\t<div class=\"elementor-element elementor-element-b4763be elementor-widget elementor-widget-text-editor\" data-id=\"b4763be\" data-element_type=\"widget\" data-widget_type=\"text-editor.default\">\n\t\t\t\t<div class=\"elementor-widget-container\">\n\t\t\t\t\t\t\t\t\t<p>Non incluse dans le prix de la r\u00e9servation, est en vigueur dans la commune. <strong>Elle est payable sur place.<\/strong><\/p>\t\t\t\t\t\t\t\t<\/div>\n\t\t\t\t<\/div>\n\t\t\t\t<div class=\"elementor-element elementor-element-e33de6b elementor-widget elementor-widget-heading\" data-id=\"e33de6b\" data-element_type=\"widget\" data-widget_type=\"heading.default\">\n\t\t\t\t<div class=\"elementor-widget-container\">\n\t\t\t\t\t<h2 class=\"elementor-heading-title elementor-size-default\">ACC\u00c8S AUX CHAMBRES<\/h2>\t\t\t\t<\/div>\n\t\t\t\t<\/div>\n\t\t\t\t<div class=\"elementor-element elementor-element-e4d3413 elementor-widget elementor-widget-text-editor\" data-id=\"e4d3413\" data-element_type=\"widget\" data-widget_type=\"text-editor.default\">\n\t\t\t\t<div class=\"elementor-widget-container\">\n\t\t\t\t\t\t\t\t\t<p><strong>Les chambres sont disponibles A PARTIR de 15H00 et doivent \u00eatre lib\u00e9r\u00e9es avant 12H00.<\/strong> Attention, en cas de d\u00e9part tardif, le temps suppl\u00e9mentaire vous sera factur\u00e9e \u00e0 20\u20ac\/heure. Si vous d\u00e9sirez conserver la chambre une nuit suppl\u00e9mentaire, le paiement de la chambre doit \u00eatre effectu\u00e9 avant 11H00, sous r\u00e9serve de disponibilit\u00e9. De plus votre chambre est pr\u00e9vue pour un nombre de personnes d\u00e9termin\u00e9 ; pour assurer les r\u00e8gles de s\u00e9curit\u00e9 de l\u2019h\u00f4tel vous ne devez en aucun cas h\u00e9berger des personnes suppl\u00e9mentaires. Merci de veiller \u00e0 ce que la porte de votre chambre soit bien ferm\u00e9e avant de quitter la chambre ou de vous coucher.<\/p>\t\t\t\t\t\t\t\t<\/div>\n\t\t\t\t<\/div>\n\t\t\t\t<div class=\"elementor-element elementor-element-37eccaf elementor-widget elementor-widget-heading\" data-id=\"37eccaf\" data-element_type=\"widget\" data-widget_type=\"heading.default\">\n\t\t\t\t<div class=\"elementor-widget-container\">\n\t\t\t\t\t<h2 class=\"elementor-heading-title elementor-size-default\">INTERDICTIONS<\/h2>\t\t\t\t<\/div>\n\t\t\t\t<\/div>\n\t\t\t\t<div class=\"elementor-element elementor-element-7e27466 elementor-widget elementor-widget-text-editor\" data-id=\"7e27466\" data-element_type=\"widget\" data-widget_type=\"text-editor.default\">\n\t\t\t\t<div class=\"elementor-widget-container\">\n\t\t\t\t\t\t\t\t\t<p><strong>Nous vous rappelons que l&rsquo;interdiction de fumer est en vigueur dans tous les lieux publics depuis le 2 janvier 2008.<\/strong> Il est \u00e9galement absolument interdit de fumer dans les chambres pour des raisons \u00e9videntes de s\u00e9curit\u00e9 et de confort (le non-respect entra\u00eenera une indemnit\u00e9 de 150\u20ac\/s\u00e9jour pour remettre la chambre en \u00e9tat). Il est interdit d&rsquo;utiliser dans les chambres des appareils \u00e0 gaz, exemple : R\u00e9chaud, etc&#8230;<\/p>\t\t\t\t\t\t\t\t<\/div>\n\t\t\t\t<\/div>\n\t\t\t\t<div class=\"elementor-element elementor-element-7cf9c2d elementor-widget elementor-widget-heading\" data-id=\"7cf9c2d\" data-element_type=\"widget\" data-widget_type=\"heading.default\">\n\t\t\t\t<div class=\"elementor-widget-container\">\n\t\t\t\t\t<h2 class=\"elementor-heading-title elementor-size-default\">ANIMAUX <\/h2>\t\t\t\t<\/div>\n\t\t\t\t<\/div>\n\t\t\t\t<div class=\"elementor-element elementor-element-52578c3 elementor-widget elementor-widget-text-editor\" data-id=\"52578c3\" data-element_type=\"widget\" data-widget_type=\"text-editor.default\">\n\t\t\t\t<div class=\"elementor-widget-container\">\n\t\t\t\t\t\t\t\t\t<p>Les animaux sont accept\u00e9s mais soumis \u00e0 conditions : peser moins de 10 kg, \u00eatre tenus en laisse dans toutes les parties communes de notre \u00e9tablissement. <strong>Pour des raisons d&rsquo;hygi\u00e8ne, les animaux ne sont pas admis dans la salle des petits d\u00e9jeuners et ne doivent pas \u00eatre laiss\u00e9s seuls dans la chambre.<\/strong><\/p>\t\t\t\t\t\t\t\t<\/div>\n\t\t\t\t<\/div>\n\t\t\t\t<div class=\"elementor-element elementor-element-1eeca94 elementor-widget elementor-widget-heading\" data-id=\"1eeca94\" data-element_type=\"widget\" data-widget_type=\"heading.default\">\n\t\t\t\t<div class=\"elementor-widget-container\">\n\t\t\t\t\t<h2 class=\"elementor-heading-title elementor-size-default\">LE PETIT D\u00c9JEUNER : <\/h2>\t\t\t\t<\/div>\n\t\t\t\t<\/div>\n\t\t\t\t<div class=\"elementor-element elementor-element-0f203f9 elementor-widget elementor-widget-text-editor\" data-id=\"0f203f9\" data-element_type=\"widget\" data-widget_type=\"text-editor.default\">\n\t\t\t\t<div class=\"elementor-widget-container\">\n\t\t\t\t\t\t\t\t\t<p>est servi \u00e0 partir de 6H30 \u00e0 09h30 toute la semaine dans la salle pr\u00e9vue \u00e0 cet effet.<\/p>\t\t\t\t\t\t\t\t<\/div>\n\t\t\t\t<\/div>\n\t\t\t\t<div class=\"elementor-element elementor-element-755cd88 elementor-widget elementor-widget-heading\" data-id=\"755cd88\" data-element_type=\"widget\" data-widget_type=\"heading.default\">\n\t\t\t\t<div class=\"elementor-widget-container\">\n\t\t\t\t\t<h2 class=\"elementor-heading-title elementor-size-default\">D\u00c9GRADATION<\/h2>\t\t\t\t<\/div>\n\t\t\t\t<\/div>\n\t\t\t\t<div class=\"elementor-element elementor-element-b4da534 elementor-widget elementor-widget-text-editor\" data-id=\"b4da534\" data-element_type=\"widget\" data-widget_type=\"text-editor.default\">\n\t\t\t\t<div class=\"elementor-widget-container\">\n\t\t\t\t\t\t\t\t\t<p>Nous vous demandons de respecter les lieux ainsi que la d\u00e9coration de votre chambre. En cas de probl\u00e8me ou de d\u00e9gradation du mobilier de la chambre, le client devra engager sa responsabilit\u00e9 civile. De m\u00eame, veuillez noter que tout objet manquant (serviettes, oreillers, &#8230;) ou d\u00e9grad\u00e9 apr\u00e8s votre passage dans la chambre, vous sera automatiquement factur\u00e9. <strong>Pendant votre s\u00e9jour, une cl\u00e9 vous sera remise vous permettant le libre acc\u00e8s \u00e0 votre chambre. En cas de perte, la r\u00e9fection vous sera factur\u00e9e au tarif en vigueur. <\/strong><\/p>\t\t\t\t\t\t\t\t<\/div>\n\t\t\t\t<\/div>\n\t\t\t\t<div class=\"elementor-element elementor-element-1150463 elementor-widget elementor-widget-heading\" data-id=\"1150463\" data-element_type=\"widget\" data-widget_type=\"heading.default\">\n\t\t\t\t<div class=\"elementor-widget-container\">\n\t\t\t\t\t<h2 class=\"elementor-heading-title elementor-size-default\">NUISANCES <\/h2>\t\t\t\t<\/div>\n\t\t\t\t<\/div>\n\t\t\t\t<div class=\"elementor-element elementor-element-fd0973f elementor-widget elementor-widget-text-editor\" data-id=\"fd0973f\" data-element_type=\"widget\" data-widget_type=\"text-editor.default\">\n\t\t\t\t<div class=\"elementor-widget-container\">\n\t\t\t\t\t\t\t\t\t<p>Pour le respect du repos des autres clients, veillez \u00e0 ne pas faire trop de bruit particuli\u00e8rement entre 22H00 et 8H00. <strong>Tout bruit de voisinage li\u00e9 au comportement d&rsquo;une personne ou d&rsquo;un animal sous sa responsabilit\u00e9, pourra amener l&rsquo;h\u00f4telier \u00e0 inviter le client \u00e0 quitter l&rsquo;\u00e9tablissement sans qu&rsquo;il ne soit besoin de proc\u00e9der \u00e0 des mesures acoustiques, d\u00e8s lors que le bruit engendr\u00e9 est de nature \u00e0 porter atteinte \u00e0 la tranquillit\u00e9 de la client\u00e8le (art. R.1334-30 et R ;1334-31 du Code de la Sant\u00e9 Publique)<\/strong>. Une chambre d&rsquo;h\u00f4tel est un lieu de repos. Tout commerce y est formellement interdit.<\/p>\t\t\t\t\t\t\t\t<\/div>\n\t\t\t\t<\/div>\n\t\t\t\t<div class=\"elementor-element elementor-element-2e7492b elementor-widget elementor-widget-heading\" data-id=\"2e7492b\" data-element_type=\"widget\" data-widget_type=\"heading.default\">\n\t\t\t\t<div class=\"elementor-widget-container\">\n\t\t\t\t\t<h2 class=\"elementor-heading-title elementor-size-default\">LE R\u00c8GLEMENT INT\u00c9RIEUR : <\/h2>\t\t\t\t<\/div>\n\t\t\t\t<\/div>\n\t\t\t\t<div class=\"elementor-element elementor-element-21e3f6c elementor-widget elementor-widget-text-editor\" data-id=\"21e3f6c\" data-element_type=\"widget\" data-widget_type=\"text-editor.default\">\n\t\t\t\t<div class=\"elementor-widget-container\">\n\t\t\t\t\t\t\t\t\t<p>de l\u2019h\u00f4tel s\u2019applique \u00e0 l\u2019ensemble des r\u00e9servations. Tout s\u00e9jour entra\u00eene l\u2019acceptation des conditions particuli\u00e8res et du r\u00e8glement int\u00e9rieur de l\u2019h\u00f4tel.<\/p>\t\t\t\t\t\t\t\t<\/div>\n\t\t\t\t<\/div>\n\t\t\t\t<div class=\"elementor-element elementor-element-5c089e2 elementor-widget elementor-widget-heading\" data-id=\"5c089e2\" data-element_type=\"widget\" data-widget_type=\"heading.default\">\n\t\t\t\t<div class=\"elementor-widget-container\">\n\t\t\t\t\t<h2 class=\"elementor-heading-title elementor-size-default\">EN CAS DE NON-RESPECT PAR LE CLIENT D'UNE DE CES DISPOSITIONS, L'H\u00d4TELIER SE TROUVERA DANS L'OBLIGATION D'INVITER LE CLIENT A QUITTER L'\u00c9TABLISSEMENT, SANS AUCUNE INDEMNIT\u00c9.<\/h2>\t\t\t\t<\/div>\n\t\t\t\t<\/div>\n\t\t\t\t<div class=\"elementor-element elementor-element-fc05145 elementor-widget elementor-widget-heading\" data-id=\"fc05145\" data-element_type=\"widget\" data-widget_type=\"heading.default\">\n\t\t\t\t<div class=\"elementor-widget-container\">\n\t\t\t\t\t<h2 class=\"elementor-heading-title elementor-size-default\">REGLEMENT DES LITIGES <\/h2>\t\t\t\t<\/div>\n\t\t\t\t<\/div>\n\t\t\t\t<div class=\"elementor-element elementor-element-3cefbf0 elementor-widget elementor-widget-text-editor\" data-id=\"3cefbf0\" data-element_type=\"widget\" data-widget_type=\"text-editor.default\">\n\t\t\t\t<div class=\"elementor-widget-container\">\n\t\t\t\t\t\t\t\t\t<p>Pour toute r\u00e9clamation relative \u00e0 une r\u00e9servation h\u00f4teli\u00e8re, la Direction de l\u2019h\u00f4tel est \u00e0 votre disposition via la rubrique \u00ab Contactez-nous \u00bb du site internet de l\u2019h\u00f4tel : <a href=\"https:\/\/hotel-pavillon-gatines.com\">hotel-pavillon-gatines.com<\/a><\/p>\t\t\t\t\t\t\t\t<\/div>\n\t\t\t\t<\/div>\n\t\t\t\t<div class=\"elementor-element elementor-element-573625d elementor-widget elementor-widget-text-editor\" data-id=\"573625d\" data-element_type=\"widget\" data-widget_type=\"text-editor.default\">\n\t\t\t\t<div class=\"elementor-widget-container\">\n\t\t\t\t\t\t\t\t\t<p>Par ailleurs, le consommateur est inform\u00e9 qu\u2019il peut porter sa r\u00e9clamation via la plateforme europ\u00e9enne de r\u00e8glement des litiges, accessible via le site suivant\u00a0:<\/p><p><a href=\"https:\/\/ec.europa.eu\/consumers\/odr\/main\/index.cfm?event=main.home2.show&amp;lng=FR\" target=\"_blank\" rel=\"noopener\">https:\/\/ec.europa.eu\/consumers\/odr\/main\/index.cfm?event=main.home2.show&amp;lng=FR<\/a><\/p><p>En cas de litige non r\u00e9solu dans un d\u00e9lai de 30 jours suivant r\u00e9clamation, le client peut saisir le M\u00e9diateur du Tourisme et du Voyage dont les coordonn\u00e9es figurent ci-apr\u00e8s\u00a0:<\/p><p><strong>Adresse postale : <\/strong>M\u00e9diation Tourisme et Voyage BP 80 303 75 823 Paris Cedex 17<\/p><p><strong>Site internet<\/strong> : <a href=\"http:\/\/www.mtv.travel\" target=\"_blank\" rel=\"noopener\">www.mtv.travel<\/a><\/p>\t\t\t\t\t\t\t\t<\/div>\n\t\t\t\t<\/div>\n\t\t\t\t\t<\/div>\n\t\t\t\t<\/div>\n\t\t\t\t<\/div>\n\t\t","protected":false},"excerpt":{"rendered":"<p>CGV Conditions g\u00e9n\u00e9rales de vente Pr\u00e9sentations L\u2019h\u00f4telier \u00e0 la libert\u00e9 de ne pas recevoir les clients ayant un comportement bruyant ou incorrect ainsi que les clients dont le comportement est contraire aux bonnes m\u0153urs et \u00e0 l&#8217;ordre public. Une pi\u00e8ce d\u2019identit\u00e9 est exig\u00e9e afin de v\u00e9rifier votre identit\u00e9. LA R\u00c9CEPTION : d\u00e9cline toute responsabilit\u00e9 pour [&hellip;]<\/p>\n","protected":false},"author":1,"featured_media":0,"parent":0,"menu_order":0,"comment_status":"closed","ping_status":"closed","template":"","meta":{"_monsterinsights_skip_tracking":false,"_monsterinsights_sitenote_active":false,"_monsterinsights_sitenote_note":"","_monsterinsights_sitenote_category":0,"footnotes":""},"class_list":["post-273","page","type-page","status-publish","hentry"],"_links":{"self":[{"href":"https:\/\/hotel-pavillon-gatines.com\/index.php\/wp-json\/wp\/v2\/pages\/273","targetHints":{"allow":["GET"]}}],"collection":[{"href":"https:\/\/hotel-pavillon-gatines.com\/index.php\/wp-json\/wp\/v2\/pages"}],"about":[{"href":"https:\/\/hotel-pavillon-gatines.com\/index.php\/wp-json\/wp\/v2\/types\/page"}],"author":[{"embeddable":true,"href":"https:\/\/hotel-pavillon-gatines.com\/index.php\/wp-json\/wp\/v2\/users\/1"}],"replies":[{"embeddable":true,"href":"https:\/\/hotel-pavillon-gatines.com\/index.php\/wp-json\/wp\/v2\/comments?post=273"}],"version-history":[{"count":33,"href":"https:\/\/hotel-pavillon-gatines.com\/index.php\/wp-json\/wp\/v2\/pages\/273\/revisions"}],"predecessor-version":[{"id":780,"href":"https:\/\/hotel-pavillon-gatines.com\/index.php\/wp-json\/wp\/v2\/pages\/273\/revisions\/780"}],"wp:attachment":[{"href":"https:\/\/hotel-pavillon-gatines.com\/index.php\/wp-json\/wp\/v2\/media?parent=273"}],"curies":[{"name":"wp","href":"https:\/\/api.w.org\/{rel}","templated":true}]}}