{"id":247,"date":"2025-01-14T11:33:01","date_gmt":"2025-01-14T10:33:01","guid":{"rendered":"https:\/\/hotel-pavillon-gatines.com\/?page_id=247"},"modified":"2025-02-06T10:08:21","modified_gmt":"2025-02-06T09:08:21","slug":"mentions-legales","status":"publish","type":"page","link":"https:\/\/hotel-pavillon-gatines.com\/index.php\/mentions-legales\/","title":{"rendered":"Mentions l\u00e9gales"},"content":{"rendered":"\t\t<div data-elementor-type=\"wp-page\" data-elementor-id=\"247\" class=\"elementor elementor-247\">\n\t\t\t\t<div class=\"elementor-element elementor-element-6ac1ca8 e-flex e-con-boxed e-con e-parent\" data-id=\"6ac1ca8\" data-element_type=\"container\">\n\t\t\t\t\t<div class=\"e-con-inner\">\n\t\t\t\t<div class=\"elementor-element elementor-element-8346031 elementor-widget elementor-widget-heading\" data-id=\"8346031\" data-element_type=\"widget\" data-widget_type=\"heading.default\">\n\t\t\t\t<div class=\"elementor-widget-container\">\n\t\t\t\t\t<h2 class=\"elementor-heading-title elementor-size-default\">Mentions l\u00e9gales<\/h2>\t\t\t\t<\/div>\n\t\t\t\t<\/div>\n\t\t\t\t<div class=\"elementor-element elementor-element-6fba020 elementor-widget elementor-widget-heading\" data-id=\"6fba020\" data-element_type=\"widget\" data-widget_type=\"heading.default\">\n\t\t\t\t<div class=\"elementor-widget-container\">\n\t\t\t\t\t<h2 class=\"elementor-heading-title elementor-size-default\">Mentions l\u00e9gales<\/h2>\t\t\t\t<\/div>\n\t\t\t\t<\/div>\n\t\t\t\t<div class=\"elementor-element elementor-element-19ad9cd elementor-widget-divider--view-line elementor-invisible elementor-widget elementor-widget-divider\" data-id=\"19ad9cd\" data-element_type=\"widget\" data-settings=\"{&quot;_animation&quot;:&quot;fadeInRight&quot;,&quot;_animation_delay&quot;:300}\" data-widget_type=\"divider.default\">\n\t\t\t\t<div class=\"elementor-widget-container\">\n\t\t\t\t\t\t\t<div class=\"elementor-divider\">\n\t\t\t<span class=\"elementor-divider-separator\">\n\t\t\t\t\t\t<\/span>\n\t\t<\/div>\n\t\t\t\t\t\t<\/div>\n\t\t\t\t<\/div>\n\t\t\t\t<div class=\"elementor-element elementor-element-97a1aca elementor-widget elementor-widget-spacer\" data-id=\"97a1aca\" data-element_type=\"widget\" data-widget_type=\"spacer.default\">\n\t\t\t\t<div class=\"elementor-widget-container\">\n\t\t\t\t\t\t\t<div class=\"elementor-spacer\">\n\t\t\t<div class=\"elementor-spacer-inner\"><\/div>\n\t\t<\/div>\n\t\t\t\t\t\t<\/div>\n\t\t\t\t<\/div>\n\t\t\t\t<div class=\"elementor-element elementor-element-7a8d303 elementor-widget elementor-widget-heading\" data-id=\"7a8d303\" data-element_type=\"widget\" data-widget_type=\"heading.default\">\n\t\t\t\t<div class=\"elementor-widget-container\">\n\t\t\t\t\t<h2 class=\"elementor-heading-title elementor-size-default\">\u00c9diteur du Site<\/h2>\t\t\t\t<\/div>\n\t\t\t\t<\/div>\n\t\t\t\t<div class=\"elementor-element elementor-element-c8c76f8 elementor-widget elementor-widget-text-editor\" data-id=\"c8c76f8\" data-element_type=\"widget\" data-widget_type=\"text-editor.default\">\n\t\t\t\t<div class=\"elementor-widget-container\">\n\t\t\t\t\t\t\t\t\tVous \u00eates actuellement connect\u00e9 au site \u00ab\u00a0<strong>hotel-pavillon-gatines.com<\/strong> \u00bb, \u00e9dit\u00e9 par :<br\/>\n<strong>H\u00f4tel Pavillon des Gatines<\/strong><br\/>\n46 ter, rue Pierre Curie Z.I. Les Gatines<br\/>\nT\u00e9l\u00e9phone\u00a0: +33 (0)1 30 55 81 50<br\/>\nEmail\u00a0: <span id=\"cloak2afab2cca4b535e5b8c9464558b5ef99\"><a href=\"mailto:hotelpavillondesgatines@wanadoo.fr\">hotelpavillondesgatines@wanadoo.fr<\/a><\/span>\t\t\t\t\t\t\t\t<\/div>\n\t\t\t\t<\/div>\n\t\t\t\t<div class=\"elementor-element elementor-element-cd241d3 elementor-widget elementor-widget-heading\" data-id=\"cd241d3\" data-element_type=\"widget\" data-widget_type=\"heading.default\">\n\t\t\t\t<div class=\"elementor-widget-container\">\n\t\t\t\t\t<h2 class=\"elementor-heading-title elementor-size-default\">H\u00e9bergement<\/h2>\t\t\t\t<\/div>\n\t\t\t\t<\/div>\n\t\t\t\t<div class=\"elementor-element elementor-element-fd00ed8 elementor-widget elementor-widget-text-editor\" data-id=\"fd00ed8\" data-element_type=\"widget\" data-widget_type=\"text-editor.default\">\n\t\t\t\t<div class=\"elementor-widget-container\">\n\t\t\t\t\t\t\t\t\t<p>H\u00e9bergeur : <strong>OVH<\/strong><br \/>2 rue Kellermann &#8211; 59100 Roubaix &#8211; France<br \/>Site Web : <a href=\"https:\/\/www.ovh.com\">www.ovh.com<\/a><\/p>\t\t\t\t\t\t\t\t<\/div>\n\t\t\t\t<\/div>\n\t\t\t\t<div class=\"elementor-element elementor-element-6f427f0 elementor-widget elementor-widget-heading\" data-id=\"6f427f0\" data-element_type=\"widget\" data-widget_type=\"heading.default\">\n\t\t\t\t<div class=\"elementor-widget-container\">\n\t\t\t\t\t<h2 class=\"elementor-heading-title elementor-size-default\">D\u00e9veloppement<\/h2>\t\t\t\t<\/div>\n\t\t\t\t<\/div>\n\t\t\t\t<div class=\"elementor-element elementor-element-01cbc4e elementor-widget elementor-widget-text-editor\" data-id=\"01cbc4e\" data-element_type=\"widget\" data-widget_type=\"text-editor.default\">\n\t\t\t\t<div class=\"elementor-widget-container\">\n\t\t\t\t\t\t\t\t\t<p>L&amp;A Projets Informatiques<\/p>\t\t\t\t\t\t\t\t<\/div>\n\t\t\t\t<\/div>\n\t\t\t\t<div class=\"elementor-element elementor-element-b5d4e6c elementor-widget elementor-widget-heading\" data-id=\"b5d4e6c\" data-element_type=\"widget\" data-widget_type=\"heading.default\">\n\t\t\t\t<div class=\"elementor-widget-container\">\n\t\t\t\t\t<h2 class=\"elementor-heading-title elementor-size-default\">Charte \u00e9ditoriale<\/h2>\t\t\t\t<\/div>\n\t\t\t\t<\/div>\n\t\t\t\t<div class=\"elementor-element elementor-element-efc3eec elementor-widget elementor-widget-text-editor\" data-id=\"efc3eec\" data-element_type=\"widget\" data-widget_type=\"text-editor.default\">\n\t\t\t\t<div class=\"elementor-widget-container\">\n\t\t\t\t\t\t\t\t\t<p>Le site \u00ab\u00a0<strong>hotel-pavillon-gatines.com<\/strong>\u00a0\u00bb est un site de pr\u00e9sentation des services propos\u00e9s par l&rsquo;HOTEL PAVILLON GATINES.<br \/>La pr\u00e9sentation des produits, prises de vue ou graphismes reste indicative et ne peut engager la responsabilit\u00e9 de l&rsquo;HOTEL PAVILLON GATINES, ni m\u00eame remettre en cause la validit\u00e9 de la commande.<\/p>\t\t\t\t\t\t\t\t<\/div>\n\t\t\t\t<\/div>\n\t\t\t\t<div class=\"elementor-element elementor-element-d4b6535 elementor-widget elementor-widget-heading\" data-id=\"d4b6535\" data-element_type=\"widget\" data-widget_type=\"heading.default\">\n\t\t\t\t<div class=\"elementor-widget-container\">\n\t\t\t\t\t<h2 class=\"elementor-heading-title elementor-size-default\">Donn\u00e9es personnelles<\/h2>\t\t\t\t<\/div>\n\t\t\t\t<\/div>\n\t\t\t\t<div class=\"elementor-element elementor-element-0c5122b elementor-widget elementor-widget-text-editor\" data-id=\"0c5122b\" data-element_type=\"widget\" data-widget_type=\"text-editor.default\">\n\t\t\t\t<div class=\"elementor-widget-container\">\n\t\t\t\t\t\t\t\t\t<p>Les informations que vous saisirez seront enregistr\u00e9es par l&rsquo;HOTEL PAVILLON GATINES, elles seront analys\u00e9es et transmises aux diff\u00e9rents services concern\u00e9s pour leur prise en charge.<br \/>Vous disposez d&rsquo;un droit d&rsquo;acc\u00e8s, de modification, de rectification et de suppression concernant les donn\u00e9es collect\u00e9es sur ce site, dans les conditions pr\u00e9vues par l&rsquo;article 31 de la loi du 6 janvier 1978 modifi\u00e9e, relative \u00e0 l&rsquo;informatique, aux fichiers et aux libert\u00e9s.<\/p><p>Pour l&rsquo;exercer, adressez vous par courrier au gestionnaire du site, \u00e0 l&rsquo;adresse suivante : <span id=\"cloak68ca411cea4e795f8ad2886e0b69b14e\"><a href=\"mailto:hotelpavillondesgatines@wanadoo.fr\">hotelpavillondesgatines@wanadoo.fr<\/a><\/span><\/p>\t\t\t\t\t\t\t\t<\/div>\n\t\t\t\t<\/div>\n\t\t\t\t<div class=\"elementor-element elementor-element-b8ad120 elementor-widget elementor-widget-heading\" data-id=\"b8ad120\" data-element_type=\"widget\" data-widget_type=\"heading.default\">\n\t\t\t\t<div class=\"elementor-widget-container\">\n\t\t\t\t\t<h2 class=\"elementor-heading-title elementor-size-default\">Droits d'auteur<\/h2>\t\t\t\t<\/div>\n\t\t\t\t<\/div>\n\t\t\t\t<div class=\"elementor-element elementor-element-08967ef elementor-widget elementor-widget-text-editor\" data-id=\"08967ef\" data-element_type=\"widget\" data-widget_type=\"text-editor.default\">\n\t\t\t\t<div class=\"elementor-widget-container\">\n\t\t\t\t\t\t\t\t\t<p>La reproduction ou repr\u00e9sentation, int\u00e9grale ou partielle, des pages, des donn\u00e9es et de tout autre \u00e9l\u00e9ment constitutif au site, par quelque proc\u00e9d\u00e9 ou support que ce soit, est interdite et constitue sans autorisation de l&rsquo;\u00e9diteur une contrefa\u00e7on.<\/p>\t\t\t\t\t\t\t\t<\/div>\n\t\t\t\t<\/div>\n\t\t\t\t\t<\/div>\n\t\t\t\t<\/div>\n\t\t\t\t<\/div>\n\t\t","protected":false},"excerpt":{"rendered":"<p>Mentions l\u00e9gales Mentions l\u00e9gales \u00c9diteur du Site Vous \u00eates actuellement connect\u00e9 au site \u00ab\u00a0hotel-pavillon-gatines.com \u00bb, \u00e9dit\u00e9 par : H\u00f4tel Pavillon des Gatines 46 ter, rue Pierre Curie Z.I. Les Gatines T\u00e9l\u00e9phone\u00a0: +33 (0)1 30 55 81 50 Email\u00a0: hotelpavillondesgatines@wanadoo.fr H\u00e9bergement H\u00e9bergeur : OVH2 rue Kellermann &#8211; 59100 Roubaix &#8211; FranceSite Web : www.ovh.com D\u00e9veloppement L&amp;A [&hellip;]<\/p>\n","protected":false},"author":1,"featured_media":0,"parent":0,"menu_order":0,"comment_status":"closed","ping_status":"closed","template":"","meta":{"_monsterinsights_skip_tracking":false,"_monsterinsights_sitenote_active":false,"_monsterinsights_sitenote_note":"","_monsterinsights_sitenote_category":0,"footnotes":""},"class_list":["post-247","page","type-page","status-publish","hentry"],"_links":{"self":[{"href":"https:\/\/hotel-pavillon-gatines.com\/index.php\/wp-json\/wp\/v2\/pages\/247","targetHints":{"allow":["GET"]}}],"collection":[{"href":"https:\/\/hotel-pavillon-gatines.com\/index.php\/wp-json\/wp\/v2\/pages"}],"about":[{"href":"https:\/\/hotel-pavillon-gatines.com\/index.php\/wp-json\/wp\/v2\/types\/page"}],"author":[{"embeddable":true,"href":"https:\/\/hotel-pavillon-gatines.com\/index.php\/wp-json\/wp\/v2\/users\/1"}],"replies":[{"embeddable":true,"href":"https:\/\/hotel-pavillon-gatines.com\/index.php\/wp-json\/wp\/v2\/comments?post=247"}],"version-history":[{"count":43,"href":"https:\/\/hotel-pavillon-gatines.com\/index.php\/wp-json\/wp\/v2\/pages\/247\/revisions"}],"predecessor-version":[{"id":1127,"href":"https:\/\/hotel-pavillon-gatines.com\/index.php\/wp-json\/wp\/v2\/pages\/247\/revisions\/1127"}],"wp:attachment":[{"href":"https:\/\/hotel-pavillon-gatines.com\/index.php\/wp-json\/wp\/v2\/media?parent=247"}],"curies":[{"name":"wp","href":"https:\/\/api.w.org\/{rel}","templated":true}]}}