{"id":1132,"date":"2025-02-06T10:10:31","date_gmt":"2025-02-06T09:10:31","guid":{"rendered":"https:\/\/hotel-pavillon-gatines.com\/?page_id=1132"},"modified":"2025-02-06T10:50:37","modified_gmt":"2025-02-06T09:50:37","slug":"reglamento-interno","status":"publish","type":"page","link":"https:\/\/hotel-pavillon-gatines.com\/index.php\/es\/reglamento-interno\/","title":{"rendered":"Reglamento interno"},"content":{"rendered":"\t\t<div data-elementor-type=\"wp-page\" data-elementor-id=\"1132\" class=\"elementor elementor-1132\">\n\t\t\t\t<div class=\"elementor-element elementor-element-1b7a64b e-flex e-con-boxed e-con e-parent\" data-id=\"1b7a64b\" data-element_type=\"container\">\n\t\t\t\t\t<div class=\"e-con-inner\">\n\t\t\t\t<div class=\"elementor-element elementor-element-f191688 elementor-widget elementor-widget-heading\" data-id=\"f191688\" data-element_type=\"widget\" data-widget_type=\"heading.default\">\n\t\t\t\t<div class=\"elementor-widget-container\">\n\t\t\t\t\t<h2 class=\"elementor-heading-title elementor-size-default\">Reglamento interno<\/h2>\t\t\t\t<\/div>\n\t\t\t\t<\/div>\n\t\t\t\t<div class=\"elementor-element elementor-element-bf9b234 elementor-widget elementor-widget-heading\" data-id=\"bf9b234\" data-element_type=\"widget\" data-widget_type=\"heading.default\">\n\t\t\t\t<div class=\"elementor-widget-container\">\n\t\t\t\t\t<h2 class=\"elementor-heading-title elementor-size-default\">Reglamento interno<\/h2>\t\t\t\t<\/div>\n\t\t\t\t<\/div>\n\t\t\t\t<div class=\"elementor-element elementor-element-ace6f32 elementor-widget-divider--view-line elementor-invisible elementor-widget elementor-widget-divider\" data-id=\"ace6f32\" data-element_type=\"widget\" data-settings=\"{&quot;_animation&quot;:&quot;fadeInRight&quot;,&quot;_animation_delay&quot;:300}\" data-widget_type=\"divider.default\">\n\t\t\t\t<div class=\"elementor-widget-container\">\n\t\t\t\t\t\t\t<div class=\"elementor-divider\">\n\t\t\t<span class=\"elementor-divider-separator\">\n\t\t\t\t\t\t<\/span>\n\t\t<\/div>\n\t\t\t\t\t\t<\/div>\n\t\t\t\t<\/div>\n\t\t\t\t<div class=\"elementor-element elementor-element-78b1436 elementor-widget elementor-widget-spacer\" data-id=\"78b1436\" data-element_type=\"widget\" data-widget_type=\"spacer.default\">\n\t\t\t\t<div class=\"elementor-widget-container\">\n\t\t\t\t\t\t\t<div class=\"elementor-spacer\">\n\t\t\t<div class=\"elementor-spacer-inner\"><\/div>\n\t\t<\/div>\n\t\t\t\t\t\t<\/div>\n\t\t\t\t<\/div>\n\t\t\t\t<div class=\"elementor-element elementor-element-673803b elementor-widget elementor-widget-text-editor\" data-id=\"673803b\" data-element_type=\"widget\" data-widget_type=\"text-editor.default\">\n\t\t\t\t<div class=\"elementor-widget-container\">\n\t\t\t\t\t\t\t\t\t<p>Estimados clientes,<br \/>Con el fin de que la estancia de todos transcurra en las mejores condiciones, les presentamos a continuaci\u00f3n nuestro reglamento interior.<\/p>\t\t\t\t\t\t\t\t<\/div>\n\t\t\t\t<\/div>\n\t\t\t\t<div class=\"elementor-element elementor-element-b2abcb5 elementor-widget elementor-widget-heading\" data-id=\"b2abcb5\" data-element_type=\"widget\" data-widget_type=\"heading.default\">\n\t\t\t\t<div class=\"elementor-widget-container\">\n\t\t\t\t\t<h2 class=\"elementor-heading-title elementor-size-default\">INFORMACI\u00d3N GENERAL<\/h2>\t\t\t\t<\/div>\n\t\t\t\t<\/div>\n\t\t\t\t<div class=\"elementor-element elementor-element-6a9d3ea elementor-widget elementor-widget-text-editor\" data-id=\"6a9d3ea\" data-element_type=\"widget\" data-widget_type=\"text-editor.default\">\n\t\t\t\t<div class=\"elementor-widget-container\">\n\t\t\t\t\t\t\t\t\t<p><strong>El reglamento interno del hotel se aplica a todas las reservas. Toda estancia implica la aceptaci\u00f3n de las condiciones especiales y del reglamento interior del hotel.<\/strong><\/p><p><strong>El cliente acepta y se compromete a respetar dicho reglamento, cuyas disposiciones se aplican tanto a \u00e9l como a todas las personas que lo acompa\u00f1en durante su estancia.<\/strong><\/p><p><strong>En caso de incumplimiento de estas normas, el hotelero se ver\u00e1 obligado a invitar al cliente a abandonar el establecimiento de inmediato y sin derecho a indemnizaci\u00f3n ni devoluci\u00f3n de la fianza. El hotel tambi\u00e9n podr\u00e1 rechazar futuras reservas.<\/strong><\/p>\t\t\t\t\t\t\t\t<\/div>\n\t\t\t\t<\/div>\n\t\t\t\t<div class=\"elementor-element elementor-element-7cc7dcf elementor-widget elementor-widget-heading\" data-id=\"7cc7dcf\" data-element_type=\"widget\" data-widget_type=\"heading.default\">\n\t\t\t\t<div class=\"elementor-widget-container\">\n\t\t\t\t\t<h2 class=\"elementor-heading-title elementor-size-default\">RECEPCI\u00d3N<\/h2>\t\t\t\t<\/div>\n\t\t\t\t<\/div>\n\t\t\t\t<div class=\"elementor-element elementor-element-8cd7046 elementor-widget elementor-widget-text-editor\" data-id=\"8cd7046\" data-element_type=\"widget\" data-widget_type=\"text-editor.default\">\n\t\t\t\t<div class=\"elementor-widget-container\">\n\t\t\t\t\t\t\t\t\t<p><strong>El hotel se reserva el derecho de rechazar<\/strong> a los hu\u00e9spedes que est\u00e9n vestidos de manera inapropiada o negligente, o que lleven ropa que cubra el rostro (de acuerdo con la Ley N\u00b02010-1192 del 11 de octubre de 2010). Esto tambi\u00e9n se aplica a los hu\u00e9spedes que exhiban comportamientos inapropiados, como ruidos excesivos, embriaguez o actitudes ofensivas o contrarias al orden p\u00fablico.<\/p><p>Se espera que los hu\u00e9spedes sean corteses y respetuosos con el personal del hotel. En caso de comportamiento inapropiado, el hotel se reserva el derecho de presentar una denuncia. Cualquier forma de violencia verbal o f\u00edsica, o comportamiento o lenguaje sexual, racista, antisemita, homof\u00f3bico o acosador, est\u00e1 estrictamente prohibida.<\/p><p>Se solicitar\u00e1 una identificaci\u00f3n v\u00e1lida al momento del check-in para todos los hu\u00e9spedes que se alojen en el hotel, junto con un formulario de registro cumplimentado.<\/p><p>Los menores deben estar acompa\u00f1ados por su tutor legal.<\/p>\t\t\t\t\t\t\t\t<\/div>\n\t\t\t\t<\/div>\n\t\t\t\t<div class=\"elementor-element elementor-element-bdfe58d elementor-widget elementor-widget-heading\" data-id=\"bdfe58d\" data-element_type=\"widget\" data-widget_type=\"heading.default\">\n\t\t\t\t<div class=\"elementor-widget-container\">\n\t\t\t\t\t<h2 class=\"elementor-heading-title elementor-size-default\">HORARIOS DE RECEPCI\u00d3N<\/h2>\t\t\t\t<\/div>\n\t\t\t\t<\/div>\n\t\t\t\t<div class=\"elementor-element elementor-element-23d0213 elementor-widget elementor-widget-text-editor\" data-id=\"23d0213\" data-element_type=\"widget\" data-widget_type=\"text-editor.default\">\n\t\t\t\t<div class=\"elementor-widget-container\">\n\t\t\t\t\t\t\t\t\t<p>La recepci\u00f3n est\u00e1 abierta las 24 horas del d\u00eda, 7 d\u00edas a la semana.<\/p>\t\t\t\t\t\t\t\t<\/div>\n\t\t\t\t<\/div>\n\t\t\t\t<div class=\"elementor-element elementor-element-21d7780 elementor-widget elementor-widget-heading\" data-id=\"21d7780\" data-element_type=\"widget\" data-widget_type=\"heading.default\">\n\t\t\t\t<div class=\"elementor-widget-container\">\n\t\t\t\t\t<h2 class=\"elementor-heading-title elementor-size-default\">PAGO<\/h2>\t\t\t\t<\/div>\n\t\t\t\t<\/div>\n\t\t\t\t<div class=\"elementor-element elementor-element-fb35fe1 elementor-widget elementor-widget-text-editor\" data-id=\"fb35fe1\" data-element_type=\"widget\" data-widget_type=\"text-editor.default\">\n\t\t\t\t<div class=\"elementor-widget-container\">\n\t\t\t\t\t\t\t\t\t<p>Aceptamos los siguientes m\u00e9todos de pago: tarjetas de cr\u00e9dito (Visa, Mastercard, American Express), vales ANCV y efectivo.<\/p><ul><li><strong>Para reservas individuales<\/strong>, las reservas se confirmar\u00e1n solo una vez se haya proporcionado una impresi\u00f3n v\u00e1lida de tarjeta de cr\u00e9dito.<\/li><li><strong>Para reservas de grupo (m\u00e1s de 6 habitaciones)<\/strong>, se requiere un pago inicial del 50% al menos dos meses antes del inicio de la estancia, y el saldo debe pagarse como m\u00e1ximo un mes antes del inicio de la estancia.<\/li><\/ul><p>Los suplementos no se calculan autom\u00e1ticamente en el importe total de la reserva y deben pagarse por separado y directamente en el hotel.<\/p><p>La tasa tur\u00edstica no est\u00e1 incluida en el precio de la reserva y debe abonarse en el hotel. Se aplica a los adultos y se cobra por noche, seg\u00fan la tarifa vigente en el momento de la estancia.<\/p><p>Se requiere un dep\u00f3sito igual al costo de la primera noche en el check-in (ya sea con tarjeta de cr\u00e9dito o en efectivo). Este dep\u00f3sito ser\u00e1 retenido en caso de incumplimiento de las normas del hotel.<\/p><p>El hotel se reserva el derecho de cobrar cualquier cargo no revelado en el check-out.<\/p>\t\t\t\t\t\t\t\t<\/div>\n\t\t\t\t<\/div>\n\t\t\t\t<div class=\"elementor-element elementor-element-fdb38b5 elementor-widget elementor-widget-heading\" data-id=\"fdb38b5\" data-element_type=\"widget\" data-widget_type=\"heading.default\">\n\t\t\t\t<div class=\"elementor-widget-container\">\n\t\t\t\t\t<h2 class=\"elementor-heading-title elementor-size-default\">POL\u00cdTICA DE CANCELACI\u00d3N<\/h2>\t\t\t\t<\/div>\n\t\t\t\t<\/div>\n\t\t\t\t<div class=\"elementor-element elementor-element-4aee9bf elementor-widget elementor-widget-text-editor\" data-id=\"4aee9bf\" data-element_type=\"widget\" data-widget_type=\"text-editor.default\">\n\t\t\t\t<div class=\"elementor-widget-container\">\n\t\t\t\t\t\t\t\t\t<ul><li><strong>Para reservas individuales<\/strong>, las cancelaciones deben recibirse al menos 48 horas antes de la fecha de llegada. Si la cancelaci\u00f3n se realiza despu\u00e9s de este plazo, se cobrar\u00e1 la primera noche.<\/li><li><strong>Para reservas de grupo<\/strong>, los dep\u00f3sitos y saldos no son reembolsables una vez pasado el plazo de pago.<\/li><\/ul><p><strong>El per\u00edodo de desistimiento de 14 d\u00edas seg\u00fan la legislaci\u00f3n de consumidores no se aplica a los servicios de alojamiento en el hotel (Art\u00edculo L.221-28 del C\u00f3digo de Consumo).<\/strong><\/p>\t\t\t\t\t\t\t\t<\/div>\n\t\t\t\t<\/div>\n\t\t\t\t<div class=\"elementor-element elementor-element-bc92a5e elementor-widget elementor-widget-heading\" data-id=\"bc92a5e\" data-element_type=\"widget\" data-widget_type=\"heading.default\">\n\t\t\t\t<div class=\"elementor-widget-container\">\n\t\t\t\t\t<h2 class=\"elementor-heading-title elementor-size-default\">RESERVAS NO REEMBOLSABLES<\/h2>\t\t\t\t<\/div>\n\t\t\t\t<\/div>\n\t\t\t\t<div class=\"elementor-element elementor-element-2fda62d elementor-widget elementor-widget-text-editor\" data-id=\"2fda62d\" data-element_type=\"widget\" data-widget_type=\"text-editor.default\">\n\t\t\t\t<div class=\"elementor-widget-container\">\n\t\t\t\t\t\t\t\t\t<p>La falta de presentaci\u00f3n se considera como la ocupaci\u00f3n de la habitaci\u00f3n por la primera noche.<\/p><p>Las llegadas tard\u00edas o salidas anticipadas no son reembolsables y la estancia completa deber\u00e1 ser abonada.<\/p><p>El hotel tiene derecho a volver a alquilar la habitaci\u00f3n sin demora en las siguientes situaciones:<\/p><ul><li>Cancelaci\u00f3n por parte del hu\u00e9sped<\/li><li>Modificaci\u00f3n de la reserva por parte del hu\u00e9sped<\/li><li>No presentaci\u00f3n por parte del hu\u00e9sped<\/li><li>Errores cometidos por el hu\u00e9sped al hacer la reserva (fechas incorrectas, n\u00famero de habitaciones, tipo de habitaci\u00f3n)<\/li><\/ul>\t\t\t\t\t\t\t\t<\/div>\n\t\t\t\t<\/div>\n\t\t\t\t<div class=\"elementor-element elementor-element-2f4ce4e elementor-widget elementor-widget-heading\" data-id=\"2f4ce4e\" data-element_type=\"widget\" data-widget_type=\"heading.default\">\n\t\t\t\t<div class=\"elementor-widget-container\">\n\t\t\t\t\t<h2 class=\"elementor-heading-title elementor-size-default\">LLEGADA, ACCESO A LAS HABITACIONES Y SALIDA<\/h2>\t\t\t\t<\/div>\n\t\t\t\t<\/div>\n\t\t\t\t<div class=\"elementor-element elementor-element-57bd70b elementor-widget elementor-widget-text-editor\" data-id=\"57bd70b\" data-element_type=\"widget\" data-widget_type=\"text-editor.default\">\n\t\t\t\t<div class=\"elementor-widget-container\">\n\t\t\t\t\t\t\t\t\t<p>El acceso a las habitaciones se realiza a partir de las 15:00 horas. Las habitaciones deben ser desocupadas antes de las 12:00 horas.<\/p><p>Tenga en cuenta que en caso de salida tard\u00eda, se cobrar\u00e1 un cargo de 20\u20ac por hora.<\/p><p>Cualquier solicitud de salida tard\u00eda debe hacerse en la recepci\u00f3n antes del d\u00eda anterior a la salida.<\/p><p>Si desea extender su estancia por una noche, el pago debe realizarse antes de las 11:00 horas, sujeto a disponibilidad.<\/p><p>Su habitaci\u00f3n est\u00e1 reservada para un n\u00famero espec\u00edfico de hu\u00e9spedes. Por razones de seguridad, no se permite la entrada de hu\u00e9spedes adicionales en la habitaci\u00f3n. Los ni\u00f1os peque\u00f1os cuentan como una persona.<\/p><p>Los hu\u00e9spedes no pueden traer a terceras personas a la habitaci\u00f3n sin autorizaci\u00f3n previa del hotel.<\/p><p>Se proporcionar\u00e1 una llave para acceder a su habitaci\u00f3n. La llave no debe entregarse a nadie m\u00e1s y debe devolverse el d\u00eda de salida. En caso de p\u00e9rdida o no devoluci\u00f3n, se le cobrar\u00e1 el costo de reposici\u00f3n al precio vigente.<\/p><p>El servicio de limpieza se realiza a diario, a menos que el hu\u00e9sped indique lo contrario.<\/p><p>Las habitaciones se inspeccionan regularmente, garantizando que est\u00e9n en buen estado y sean plenamente funcionales. Se invita a nuestros clientes a informar de inmediato a la recepci\u00f3n del hotel cualquier deficiencia\/desorden observado.<\/p>\t\t\t\t\t\t\t\t<\/div>\n\t\t\t\t<\/div>\n\t\t\t\t<div class=\"elementor-element elementor-element-bbbbb13 elementor-widget elementor-widget-heading\" data-id=\"bbbbb13\" data-element_type=\"widget\" data-widget_type=\"heading.default\">\n\t\t\t\t<div class=\"elementor-widget-container\">\n\t\t\t\t\t<h2 class=\"elementor-heading-title elementor-size-default\">NI\u00d1OS Y CAMAS SUPLETORIAS<\/h2>\t\t\t\t<\/div>\n\t\t\t\t<\/div>\n\t\t\t\t<div class=\"elementor-element elementor-element-644b235 elementor-widget elementor-widget-text-editor\" data-id=\"644b235\" data-element_type=\"widget\" data-widget_type=\"text-editor.default\">\n\t\t\t\t<div class=\"elementor-widget-container\">\n\t\t\t\t\t\t\t\t\t<p>Los padres\/tutores son totalmente responsables de sus hijos durante su estancia en el hotel. No se debe dejar a los ni\u00f1os sin supervisi\u00f3n en las habitaciones.<\/p><p>Si lo solicita, el hotel puede proporcionar una cuna, sujeta a disponibilidad. Se permite un m\u00e1ximo de una cuna por habitaci\u00f3n.<\/p>\t\t\t\t\t\t\t\t<\/div>\n\t\t\t\t<\/div>\n\t\t\t\t<div class=\"elementor-element elementor-element-3c7496b elementor-widget elementor-widget-heading\" data-id=\"3c7496b\" data-element_type=\"widget\" data-widget_type=\"heading.default\">\n\t\t\t\t<div class=\"elementor-widget-container\">\n\t\t\t\t\t<h2 class=\"elementor-heading-title elementor-size-default\">MASCOTAS<\/h2>\t\t\t\t<\/div>\n\t\t\t\t<\/div>\n\t\t\t\t<div class=\"elementor-element elementor-element-a9b64c2 elementor-widget elementor-widget-text-editor\" data-id=\"a9b64c2\" data-element_type=\"widget\" data-widget_type=\"text-editor.default\">\n\t\t\t\t<div class=\"elementor-widget-container\">\n\t\t\t\t\t\t\t\t\t<p>Se aceptan mascotas por un cargo adicional (consulte en recepci\u00f3n o en la p\u00e1gina web del hotel para m\u00e1s detalles). Las mascotas no deben superar los 10 kg, deben estar atadas con correa en todas las \u00e1reas p\u00fablicas del hotel y no pueden dejarse sin supervisi\u00f3n. Por razones de higiene, las mascotas no est\u00e1n permitidas en el comedor (excepto perros gu\u00edas o perros de servicio). Los propietarios de mascotas son responsables de sus animales, especialmente en caso de da\u00f1os.<\/p>\t\t\t\t\t\t\t\t<\/div>\n\t\t\t\t<\/div>\n\t\t\t\t<div class=\"elementor-element elementor-element-61de8cd elementor-widget elementor-widget-heading\" data-id=\"61de8cd\" data-element_type=\"widget\" data-widget_type=\"heading.default\">\n\t\t\t\t<div class=\"elementor-widget-container\">\n\t\t\t\t\t<h2 class=\"elementor-heading-title elementor-size-default\">DESAYUNO<\/h2>\t\t\t\t<\/div>\n\t\t\t\t<\/div>\n\t\t\t\t<div class=\"elementor-element elementor-element-5cd7c38 elementor-widget elementor-widget-text-editor\" data-id=\"5cd7c38\" data-element_type=\"widget\" data-widget_type=\"text-editor.default\">\n\t\t\t\t<div class=\"elementor-widget-container\">\n\t\t\t\t\t\t\t\t\t<p>Se sirve todos los d\u00edas de 6:30 a 09:30 en la sala habilitada para ello o, previa solicitud, en la terraza, en la habitaci\u00f3n o para llevar, al precio vigente (consultable en la recepci\u00f3n o en nuestra p\u00e1gina web).<\/p>\t\t\t\t\t\t\t\t<\/div>\n\t\t\t\t<\/div>\n\t\t\t\t<div class=\"elementor-element elementor-element-f003a63 elementor-widget elementor-widget-heading\" data-id=\"f003a63\" data-element_type=\"widget\" data-widget_type=\"heading.default\">\n\t\t\t\t<div class=\"elementor-widget-container\">\n\t\t\t\t\t<h2 class=\"elementor-heading-title elementor-size-default\">PROHIBICIONES<\/h2>\t\t\t\t<\/div>\n\t\t\t\t<\/div>\n\t\t\t\t<div class=\"elementor-element elementor-element-7a47b0a elementor-widget elementor-widget-text-editor\" data-id=\"7a47b0a\" data-element_type=\"widget\" data-widget_type=\"text-editor.default\">\n\t\t\t\t<div class=\"elementor-widget-container\">\n\t\t\t\t\t\t\t\t\t<p>Est\u00e1 prohibido fumar en todas las \u00e1reas p\u00fablicas desde el 2 de enero de 2008. Tambi\u00e9n est\u00e1 estrictamente prohibido fumar en las habitaciones y en las \u00e1reas comunes por razones de seguridad y comodidad. Est\u00e1 prohibido manipular los dispositivos de detecci\u00f3n de incendios por las mismas razones. Los aparatos a gas (por ejemplo, estufas) tambi\u00e9n est\u00e1n prohibidos en las habitaciones.<\/p><p>Est\u00e1 estrictamente prohibido traer sustancias ilegales o peligrosas a las habitaciones o cualquier parte del hotel.<\/p>\t\t\t\t\t\t\t\t<\/div>\n\t\t\t\t<\/div>\n\t\t\t\t<div class=\"elementor-element elementor-element-8bdf803 elementor-widget elementor-widget-heading\" data-id=\"8bdf803\" data-element_type=\"widget\" data-widget_type=\"heading.default\">\n\t\t\t\t<div class=\"elementor-widget-container\">\n\t\t\t\t\t<h2 class=\"elementor-heading-title elementor-size-default\">RUIDO, DA\u00d1OS Y RESPONSABILIDAD<\/h2>\t\t\t\t<\/div>\n\t\t\t\t<\/div>\n\t\t\t\t<div class=\"elementor-element elementor-element-5187777 elementor-widget elementor-widget-text-editor\" data-id=\"5187777\" data-element_type=\"widget\" data-widget_type=\"text-editor.default\">\n\t\t\t\t<div class=\"elementor-widget-container\">\n\t\t\t\t\t\t\t\t\t<p>Para respetar la paz de los dem\u00e1s hu\u00e9spedes, por favor evite golpear las puertas o hacer ruidos excesivos, especialmente entre las 22:00 horas y las 7:00 horas. Cualquier ruido perturbador causado por un hu\u00e9sped, sus acompa\u00f1antes o mascotas bajo su responsabilidad, puede llevar al hotelero a llamar a la polic\u00eda e invitar al cliente a abandonar el establecimiento sin necesidad de realizar mediciones ac\u00fasticas, siempre que el ruido generado sea de naturaleza perturbadora para la tranquilidad de los clientes (art. R.1334-30 y R.1334-31 del c\u00f3digo de salud p\u00fablica).<\/p><p>El equipaje almacenado en \u00e1reas p\u00fablicas est\u00e1 bajo la plena responsabilidad de su propietario, incluidos los equipajes dejados en la recepci\u00f3n. El hotel no puede ser considerado responsable por la p\u00e9rdida o robo de pertenencias personales.<\/p><p>Una habitaci\u00f3n de hotel es un lugar de descanso, y cualquier actividad comercial est\u00e1 estrictamente prohibida.<\/p><p>En general, cualquier da\u00f1o o perturbaci\u00f3n, ya sea intencional o no, causado en la habitaci\u00f3n o en otras \u00e1reas durante la estancia, deber\u00e1 ser completamente pagado por la persona que realiz\u00f3 la reserva.<\/p><p>Por lo tanto, el hotel se reserva el derecho de cobrar al hu\u00e9sped el costo de la reparaci\u00f3n o el reemplazo de propiedades da\u00f1adas o faltantes del hotel, incluso si se descubre despu\u00e9s de la salida del hu\u00e9sped. El montante correspondiente se debitar\u00e1 de la tarjeta de cr\u00e9dito utilizada para hacer la reserva, y se podr\u00e1 proporcionar una factura si se solicita.<\/p><p>En caso de da\u00f1os o disturbios que afecten las habitaciones de otros hu\u00e9spedes, el hotel exigir\u00e1 compensaci\u00f3n por las noches perdidas de esos hu\u00e9spedes.<\/p><p>El hotel aplicar\u00e1 una tarifa de limpieza si la habitaci\u00f3n se deja en un estado inaceptable. Para da\u00f1os en alfombras, ropa de cama o colchones, el hotel exigir\u00e1 el reembolso con una tarifa m\u00ednima de 1500\u20ac para reparaciones y la imposibilidad de volver a alquilar la habitaci\u00f3n.<\/p>\t\t\t\t\t\t\t\t<\/div>\n\t\t\t\t<\/div>\n\t\t\t\t<div class=\"elementor-element elementor-element-1a47bd8 elementor-widget elementor-widget-heading\" data-id=\"1a47bd8\" data-element_type=\"widget\" data-widget_type=\"heading.default\">\n\t\t\t\t<div class=\"elementor-widget-container\">\n\t\t\t\t\t<h2 class=\"elementor-heading-title elementor-size-default\">Venta telef\u00f3nica<\/h2>\t\t\t\t<\/div>\n\t\t\t\t<\/div>\n\t\t\t\t<div class=\"elementor-element elementor-element-9c40450 elementor-widget elementor-widget-text-editor\" data-id=\"9c40450\" data-element_type=\"widget\" data-widget_type=\"text-editor.default\">\n\t\t\t\t<div class=\"elementor-widget-container\">\n\t\t\t\t\t\t\t\t\t<p>Para cualquier reclamaci\u00f3n relacionada con una reserva de hotel, la direcci\u00f3n del hotel est\u00e1 disponible a trav\u00e9s de la secci\u00f3n &#8220;Cont\u00e1ctenos&#8221; en la p\u00e1gina web del hotel: <a href=\"https:\/\/hotel-pavillon-gatines.com\">hotel-pavillon-gatines.com<\/a>.<\/p>\t\t\t\t\t\t\t\t<\/div>\n\t\t\t\t<\/div>\n\t\t\t\t<div class=\"elementor-element elementor-element-fdc180b elementor-widget elementor-widget-text-editor\" data-id=\"fdc180b\" data-element_type=\"widget\" data-widget_type=\"text-editor.default\">\n\t\t\t\t<div class=\"elementor-widget-container\">\n\t\t\t\t\t\t\t\t\t<p>De acuerdo con el <strong>Art\u00edculo L223-2 del C\u00f3digo de Consumo<\/strong>, se informa al consumidor que tiene la opci\u00f3n de registrarse de manera gratuita en una lista para oponerse a las llamadas de telemarketing si no desea recibir llamadas comerciales. Esta lista est\u00e1 disponible en: <a href=\"https:\/\/www.bloctel.gouv.fr\/\" target=\"_blank\" rel=\"noopener\">www.bloctel.gouv.fr\u00a0<\/a><\/p>\t\t\t\t\t\t\t\t<\/div>\n\t\t\t\t<\/div>\n\t\t\t\t\t<\/div>\n\t\t\t\t<\/div>\n\t\t\t\t<\/div>\n\t\t","protected":false},"excerpt":{"rendered":"<p>Reglamento interno Reglamento interno Estimados clientes,Con el fin de que la estancia de todos transcurra en las mejores condiciones, les presentamos a continuaci\u00f3n nuestro reglamento interior. INFORMACI\u00d3N GENERAL El reglamento interno del hotel se aplica a todas las reservas. Toda estancia implica la aceptaci\u00f3n de las condiciones especiales y del reglamento interior del hotel. El [&hellip;]<\/p>\n","protected":false},"author":1,"featured_media":0,"parent":0,"menu_order":0,"comment_status":"closed","ping_status":"closed","template":"","meta":{"_monsterinsights_skip_tracking":false,"_monsterinsights_sitenote_active":false,"_monsterinsights_sitenote_note":"","_monsterinsights_sitenote_category":0,"footnotes":""},"class_list":["post-1132","page","type-page","status-publish","hentry"],"_links":{"self":[{"href":"https:\/\/hotel-pavillon-gatines.com\/index.php\/wp-json\/wp\/v2\/pages\/1132","targetHints":{"allow":["GET"]}}],"collection":[{"href":"https:\/\/hotel-pavillon-gatines.com\/index.php\/wp-json\/wp\/v2\/pages"}],"about":[{"href":"https:\/\/hotel-pavillon-gatines.com\/index.php\/wp-json\/wp\/v2\/types\/page"}],"author":[{"embeddable":true,"href":"https:\/\/hotel-pavillon-gatines.com\/index.php\/wp-json\/wp\/v2\/users\/1"}],"replies":[{"embeddable":true,"href":"https:\/\/hotel-pavillon-gatines.com\/index.php\/wp-json\/wp\/v2\/comments?post=1132"}],"version-history":[{"count":16,"href":"https:\/\/hotel-pavillon-gatines.com\/index.php\/wp-json\/wp\/v2\/pages\/1132\/revisions"}],"predecessor-version":[{"id":1155,"href":"https:\/\/hotel-pavillon-gatines.com\/index.php\/wp-json\/wp\/v2\/pages\/1132\/revisions\/1155"}],"wp:attachment":[{"href":"https:\/\/hotel-pavillon-gatines.com\/index.php\/wp-json\/wp\/v2\/media?parent=1132"}],"curies":[{"name":"wp","href":"https:\/\/api.w.org\/{rel}","templated":true}]}}