{"id":1110,"date":"2025-02-06T09:44:49","date_gmt":"2025-02-06T08:44:49","guid":{"rendered":"https:\/\/hotel-pavillon-gatines.com\/?page_id=1110"},"modified":"2025-02-06T10:07:48","modified_gmt":"2025-02-06T09:07:48","slug":"aviso-legal","status":"publish","type":"page","link":"https:\/\/hotel-pavillon-gatines.com\/index.php\/es\/aviso-legal\/","title":{"rendered":"Aviso legal"},"content":{"rendered":"\t\t<div data-elementor-type=\"wp-page\" data-elementor-id=\"1110\" class=\"elementor elementor-1110\">\n\t\t\t\t<div class=\"elementor-element elementor-element-6ac1ca8 e-flex e-con-boxed e-con e-parent\" data-id=\"6ac1ca8\" data-element_type=\"container\">\n\t\t\t\t\t<div class=\"e-con-inner\">\n\t\t\t\t<div class=\"elementor-element elementor-element-8346031 elementor-widget elementor-widget-heading\" data-id=\"8346031\" data-element_type=\"widget\" data-widget_type=\"heading.default\">\n\t\t\t\t<div class=\"elementor-widget-container\">\n\t\t\t\t\t<h2 class=\"elementor-heading-title elementor-size-default\">AVISO LEGAL - PERSONA JUR\u00cdDICA<\/h2>\t\t\t\t<\/div>\n\t\t\t\t<\/div>\n\t\t\t\t<div class=\"elementor-element elementor-element-6fba020 elementor-widget elementor-widget-heading\" data-id=\"6fba020\" data-element_type=\"widget\" data-widget_type=\"heading.default\">\n\t\t\t\t<div class=\"elementor-widget-container\">\n\t\t\t\t\t<h2 class=\"elementor-heading-title elementor-size-default\">Aviso legal<\/h2>\t\t\t\t<\/div>\n\t\t\t\t<\/div>\n\t\t\t\t<div class=\"elementor-element elementor-element-19ad9cd elementor-widget-divider--view-line elementor-invisible elementor-widget elementor-widget-divider\" data-id=\"19ad9cd\" data-element_type=\"widget\" data-settings=\"{&quot;_animation&quot;:&quot;fadeInRight&quot;,&quot;_animation_delay&quot;:300}\" data-widget_type=\"divider.default\">\n\t\t\t\t<div class=\"elementor-widget-container\">\n\t\t\t\t\t\t\t<div class=\"elementor-divider\">\n\t\t\t<span class=\"elementor-divider-separator\">\n\t\t\t\t\t\t<\/span>\n\t\t<\/div>\n\t\t\t\t\t\t<\/div>\n\t\t\t\t<\/div>\n\t\t\t\t<div class=\"elementor-element elementor-element-97a1aca elementor-widget elementor-widget-spacer\" data-id=\"97a1aca\" data-element_type=\"widget\" data-widget_type=\"spacer.default\">\n\t\t\t\t<div class=\"elementor-widget-container\">\n\t\t\t\t\t\t\t<div class=\"elementor-spacer\">\n\t\t\t<div class=\"elementor-spacer-inner\"><\/div>\n\t\t<\/div>\n\t\t\t\t\t\t<\/div>\n\t\t\t\t<\/div>\n\t\t\t\t<div class=\"elementor-element elementor-element-7a8d303 elementor-widget elementor-widget-heading\" data-id=\"7a8d303\" data-element_type=\"widget\" data-widget_type=\"heading.default\">\n\t\t\t\t<div class=\"elementor-widget-container\">\n\t\t\t\t\t<h2 class=\"elementor-heading-title elementor-size-default\">Editor de la P\u00e1gina web<\/h2>\t\t\t\t<\/div>\n\t\t\t\t<\/div>\n\t\t\t\t<div class=\"elementor-element elementor-element-c8c76f8 elementor-widget elementor-widget-text-editor\" data-id=\"c8c76f8\" data-element_type=\"widget\" data-widget_type=\"text-editor.default\">\n\t\t\t\t<div class=\"elementor-widget-container\">\n\t\t\t\t\t\t\t\t\t<p>Est\u00e1 visitando la p\u00e1gina web \u00ab <strong>hotel-pavillon-gatines.com<\/strong> \u00bb, publicada por:<br \/><strong>H\u00f4tel Pavillon des Gatines<\/strong><br \/>46 ter, rue Pierre Curie Z.I. Les Gatines<br \/>Tel\u00e9fono: +33 (0)1 30 55 81 50<br \/>Correo electr\u00f3nico: <span id=\"cloak2afab2cca4b535e5b8c9464558b5ef99\"><a href=\"mailto:hotelpavillondesgatines@wanadoo.fr\">hotelpavillondesgatines@wanadoo.fr<\/a><\/span><\/p>\t\t\t\t\t\t\t\t<\/div>\n\t\t\t\t<\/div>\n\t\t\t\t<div class=\"elementor-element elementor-element-cd241d3 elementor-widget elementor-widget-heading\" data-id=\"cd241d3\" data-element_type=\"widget\" data-widget_type=\"heading.default\">\n\t\t\t\t<div class=\"elementor-widget-container\">\n\t\t\t\t\t<h2 class=\"elementor-heading-title elementor-size-default\">Alojamiento web<\/h2>\t\t\t\t<\/div>\n\t\t\t\t<\/div>\n\t\t\t\t<div class=\"elementor-element elementor-element-fd00ed8 elementor-widget elementor-widget-text-editor\" data-id=\"fd00ed8\" data-element_type=\"widget\" data-widget_type=\"text-editor.default\">\n\t\t\t\t<div class=\"elementor-widget-container\">\n\t\t\t\t\t\t\t\t\t<p>Proveedor de alojamiento: <strong>OVH<\/strong><br \/>2 rue Kellermann &#8211; 59100 Roubaix &#8211; France<br \/>P\u00e1gina web: <a href=\"https:\/\/www.ovh.com\">www.ovh.com<\/a><\/p>\t\t\t\t\t\t\t\t<\/div>\n\t\t\t\t<\/div>\n\t\t\t\t<div class=\"elementor-element elementor-element-6f427f0 elementor-widget elementor-widget-heading\" data-id=\"6f427f0\" data-element_type=\"widget\" data-widget_type=\"heading.default\">\n\t\t\t\t<div class=\"elementor-widget-container\">\n\t\t\t\t\t<h2 class=\"elementor-heading-title elementor-size-default\">Desarrollo<\/h2>\t\t\t\t<\/div>\n\t\t\t\t<\/div>\n\t\t\t\t<div class=\"elementor-element elementor-element-01cbc4e elementor-widget elementor-widget-text-editor\" data-id=\"01cbc4e\" data-element_type=\"widget\" data-widget_type=\"text-editor.default\">\n\t\t\t\t<div class=\"elementor-widget-container\">\n\t\t\t\t\t\t\t\t\t<p>L&amp;A Projets Informatiques<\/p>\t\t\t\t\t\t\t\t<\/div>\n\t\t\t\t<\/div>\n\t\t\t\t<div class=\"elementor-element elementor-element-b5d4e6c elementor-widget elementor-widget-heading\" data-id=\"b5d4e6c\" data-element_type=\"widget\" data-widget_type=\"heading.default\">\n\t\t\t\t<div class=\"elementor-widget-container\">\n\t\t\t\t\t<h2 class=\"elementor-heading-title elementor-size-default\">Pol\u00edtica Editorial<\/h2>\t\t\t\t<\/div>\n\t\t\t\t<\/div>\n\t\t\t\t<div class=\"elementor-element elementor-element-efc3eec elementor-widget elementor-widget-text-editor\" data-id=\"efc3eec\" data-element_type=\"widget\" data-widget_type=\"text-editor.default\">\n\t\t\t\t<div class=\"elementor-widget-container\">\n\t\t\t\t\t\t\t\t\t<p>La p\u00e1gina web \u00ab<strong>hotel-pavillon-gatines.com<\/strong>\u00bb tiene como objetivo presentar los servicios ofrecidos por el H\u00f4tel Pavillon des Gatines. <\/p><p>Las descripciones de productos, im\u00e1genes o gr\u00e1ficos son solo informativas y no constituyen un compromiso por parte del H\u00f4tel Pavillon des Gatines. Por lo tanto, no podr\u00e1n utilizarse para reclamar responsabilidades ni para anular una reserva.<\/p>\t\t\t\t\t\t\t\t<\/div>\n\t\t\t\t<\/div>\n\t\t\t\t<div class=\"elementor-element elementor-element-d4b6535 elementor-widget elementor-widget-heading\" data-id=\"d4b6535\" data-element_type=\"widget\" data-widget_type=\"heading.default\">\n\t\t\t\t<div class=\"elementor-widget-container\">\n\t\t\t\t\t<h2 class=\"elementor-heading-title elementor-size-default\">Datos Personales<\/h2>\t\t\t\t<\/div>\n\t\t\t\t<\/div>\n\t\t\t\t<div class=\"elementor-element elementor-element-0c5122b elementor-widget elementor-widget-text-editor\" data-id=\"0c5122b\" data-element_type=\"widget\" data-widget_type=\"text-editor.default\">\n\t\t\t\t<div class=\"elementor-widget-container\">\n\t\t\t\t\t\t\t\t\t<p>La informaci\u00f3n que ingrese ser\u00e1 registrada por el <strong>H\u00f4tel Pavillon des Gatines<\/strong>, analizada y enviada a los departamentos correspondientes para su gesti\u00f3n.<br \/>Tiene derecho a acceder, modificar, corregir y eliminar los datos recopilados en esta p\u00e1gina, de acuerdo con el Art\u00edculo 31 de la Ley del 6 de enero de 1978, modificada, relativa a la protecci\u00f3n de datos, archivos y libertades.<\/p><p>Para ejercer este derecho, por favor contacte al administrador de la p\u00e1gina en la siguiente direcci\u00f3n: <span id=\"cloak68ca411cea4e795f8ad2886e0b69b14e\"><a href=\"mailto:hotelpavillondesgatines@wanadoo.fr\">hotelpavillondesgatines@wanadoo.fr<\/a><\/span><\/p>\t\t\t\t\t\t\t\t<\/div>\n\t\t\t\t<\/div>\n\t\t\t\t<div class=\"elementor-element elementor-element-b8ad120 elementor-widget elementor-widget-heading\" data-id=\"b8ad120\" data-element_type=\"widget\" data-widget_type=\"heading.default\">\n\t\t\t\t<div class=\"elementor-widget-container\">\n\t\t\t\t\t<h2 class=\"elementor-heading-title elementor-size-default\">Derechos de Autor<\/h2>\t\t\t\t<\/div>\n\t\t\t\t<\/div>\n\t\t\t\t<div class=\"elementor-element elementor-element-08967ef elementor-widget elementor-widget-text-editor\" data-id=\"08967ef\" data-element_type=\"widget\" data-widget_type=\"text-editor.default\">\n\t\t\t\t<div class=\"elementor-widget-container\">\n\t\t\t\t\t\t\t\t\t<p>La reproducci\u00f3n o representaci\u00f3n, total o parcial, de las p\u00e1ginas, datos y cualquier otro elemento de la p\u00e1gina, por cualquier medio o soporte, est\u00e1 prohibida y constituye una infracci\u00f3n de los derechos de autor sin la autorizaci\u00f3n del editor.<\/p>\t\t\t\t\t\t\t\t<\/div>\n\t\t\t\t<\/div>\n\t\t\t\t\t<\/div>\n\t\t\t\t<\/div>\n\t\t\t\t<\/div>\n\t\t","protected":false},"excerpt":{"rendered":"<p>AVISO LEGAL &#8211; PERSONA JUR\u00cdDICA Aviso legal Editor de la P\u00e1gina web Est\u00e1 visitando la p\u00e1gina web \u00ab hotel-pavillon-gatines.com \u00bb, publicada por:H\u00f4tel Pavillon des Gatines46 ter, rue Pierre Curie Z.I. Les GatinesTel\u00e9fono: +33 (0)1 30 55 81 50Correo electr\u00f3nico: hotelpavillondesgatines@wanadoo.fr Alojamiento web Proveedor de alojamiento: OVH2 rue Kellermann &#8211; 59100 Roubaix &#8211; FranceP\u00e1gina web: www.ovh.com [&hellip;]<\/p>\n","protected":false},"author":1,"featured_media":0,"parent":0,"menu_order":0,"comment_status":"closed","ping_status":"closed","template":"","meta":{"_monsterinsights_skip_tracking":false,"_monsterinsights_sitenote_active":false,"_monsterinsights_sitenote_note":"","_monsterinsights_sitenote_category":0,"footnotes":""},"class_list":["post-1110","page","type-page","status-publish","hentry"],"_links":{"self":[{"href":"https:\/\/hotel-pavillon-gatines.com\/index.php\/wp-json\/wp\/v2\/pages\/1110","targetHints":{"allow":["GET"]}}],"collection":[{"href":"https:\/\/hotel-pavillon-gatines.com\/index.php\/wp-json\/wp\/v2\/pages"}],"about":[{"href":"https:\/\/hotel-pavillon-gatines.com\/index.php\/wp-json\/wp\/v2\/types\/page"}],"author":[{"embeddable":true,"href":"https:\/\/hotel-pavillon-gatines.com\/index.php\/wp-json\/wp\/v2\/users\/1"}],"replies":[{"embeddable":true,"href":"https:\/\/hotel-pavillon-gatines.com\/index.php\/wp-json\/wp\/v2\/comments?post=1110"}],"version-history":[{"count":10,"href":"https:\/\/hotel-pavillon-gatines.com\/index.php\/wp-json\/wp\/v2\/pages\/1110\/revisions"}],"predecessor-version":[{"id":1124,"href":"https:\/\/hotel-pavillon-gatines.com\/index.php\/wp-json\/wp\/v2\/pages\/1110\/revisions\/1124"}],"wp:attachment":[{"href":"https:\/\/hotel-pavillon-gatines.com\/index.php\/wp-json\/wp\/v2\/media?parent=1110"}],"curies":[{"name":"wp","href":"https:\/\/api.w.org\/{rel}","templated":true}]}}